{"id":52963,"date":"2017-12-14T14:47:21","date_gmt":"2017-12-14T12:47:21","guid":{"rendered":"http:\/\/glowmedya.com\/?page_id=52963"},"modified":"2017-12-25T20:35:22","modified_gmt":"2017-12-25T18:35:22","slug":"referanlarimiz","status":"publish","type":"page","link":"https:\/\/glowmedya.com\/tr\/referanlarimiz\/","title":{"rendered":"REFERANSLAR"},"content":{"rendered":"<p>[vc_row][vc_column][\/vc_column][\/vc_row][vc_row bg_type=&#8221;image&#8221; bg_override=&#8221;ex-full&#8221;][vc_column css_animation=&#8221;fadeInRight&#8221;][vc_row_inner][vc_column_inner width=&#8221;1\/3&#8243;]<div class=\"image-arrow\"><ul>\n<li>Batik<\/li>\n<li>Bay\u0131nd\u0131r Hastanesi<\/li>\n<li>Best Fm<\/li>\n<li>BGM<\/li>\n<li>Biletix<\/li>\n<li>BioDer<\/li>\n<li>Bodrum Antik<\/li>\n<li>Burn<\/li>\n<li>Dimes<\/li>\n<li>Divan<\/li>\n<li>Efes Pilsen<\/li>\n<li>Fenercell<\/li>\n<li>Fonex<\/li>\n<li>Garanti Emeklilik<\/li>\n<li>Grandpera<\/li>\n<li>GreenPark Hotel Pendik<\/li>\n<li>Grupania<\/li>\n<\/ul>\n<\/div>[\/vc_column_inner][vc_column_inner width=&#8221;1\/3&#8243;]<div class=\"image-arrow\"><ul>\n<li>Grupfoni<\/li>\n<li>Harbiye A\u00e7\u0131khava<\/li>\n<li>\u0130zmir Arena<\/li>\n<li>Jolly Tour<\/li>\n<li>Joy T\u00fcrk<\/li>\n<li>JoyT\u00fcrk FM<\/li>\n<li>JTI<\/li>\n<li>Ko\u00e7 Ailem<\/li>\n<li>Kozzy<\/li>\n<li>Kral POP TV<\/li>\n<li>Kral TV<\/li>\n<li>K\u00fc\u00e7\u00fck\u00e7iftlikPark<\/li>\n<li>Maslak Arena<\/li>\n<li>Medical Park<\/li>\n<li>Mehmet\u00e7ik Vakf\u0131<\/li>\n<li>Metro FM<\/li>\n<li>Optimum<\/li>\n<\/ul>\n<\/div>[\/vc_column_inner][vc_column_inner width=&#8221;1\/3&#8243;]<div class=\"image-arrow\"><ul>\n<li>\u00d6zdilek Park<\/li>\n<li>Pal FM<\/li>\n<li>Phlips Morris<\/li>\n<li>Power FM<\/li>\n<li>PowerT\u00fcrk FM<\/li>\n<li>PowerT\u00fcrk TV<\/li>\n<li>RedBull<\/li>\n<li>Sahne Ankara<\/li>\n<li>Sanat Mahal<\/li>\n<li>Sinasi Sahnesi<\/li>\n<li>Stroer<\/li>\n<li>Tadelle<\/li>\n<li>TESYEV<\/li>\n<li>Tuborg<\/li>\n<li>TV 8<\/li>\n<li>Vboard<\/li>\n<li>ViaPort<\/li>\n<\/ul>\n<\/div>[\/vc_column_inner][\/vc_row_inner][\/vc_column][\/vc_row]<\/p>\n","protected":false},"excerpt":{"rendered":"<p>[vc_row][vc_column][\/vc_column][\/vc_row][vc_row bg_type=&#8221;image&#8221; bg_override=&#8221;ex-full&#8221;][vc_column css_animation=&#8221;fadeInRight&#8221;][vc_row_inner][vc_column_inner width=&#8221;1\/3&#8243;][\/vc_column_inner][vc_column_inner width=&#8221;1\/3&#8243;][\/vc_column_inner][vc_column_inner width=&#8221;1\/3&#8243;][\/vc_column_inner][\/vc_row_inner][\/vc_column][\/vc_row]<\/p>\n","protected":false},"author":1,"featured_media":0,"parent":0,"menu_order":0,"comment_status":"closed","ping_status":"closed","template":"","meta":{"_mi_skip_tracking":false},"_links":{"self":[{"href":"https:\/\/glowmedya.com\/tr\/wp-json\/wp\/v2\/pages\/52963"}],"collection":[{"href":"https:\/\/glowmedya.com\/tr\/wp-json\/wp\/v2\/pages"}],"about":[{"href":"https:\/\/glowmedya.com\/tr\/wp-json\/wp\/v2\/types\/page"}],"author":[{"embeddable":true,"href":"https:\/\/glowmedya.com\/tr\/wp-json\/wp\/v2\/users\/1"}],"replies":[{"embeddable":true,"href":"https:\/\/glowmedya.com\/tr\/wp-json\/wp\/v2\/comments?post=52963"}],"version-history":[{"count":10,"href":"https:\/\/glowmedya.com\/tr\/wp-json\/wp\/v2\/pages\/52963\/revisions"}],"predecessor-version":[{"id":53178,"href":"https:\/\/glowmedya.com\/tr\/wp-json\/wp\/v2\/pages\/52963\/revisions\/53178"}],"wp:attachment":[{"href":"https:\/\/glowmedya.com\/tr\/wp-json\/wp\/v2\/media?parent=52963"}],"curies":[{"name":"wp","href":"https:\/\/api.w.org\/{rel}","templated":true}]}}