{"id":52792,"date":"2017-12-13T00:16:07","date_gmt":"2017-12-12T22:16:07","guid":{"rendered":"http:\/\/glowmedya.com\/?page_id=52792"},"modified":"2021-05-07T11:12:39","modified_gmt":"2021-05-07T08:12:39","slug":"neler-yaptik","status":"publish","type":"page","link":"https:\/\/glowmedya.com\/tr\/neler-yaptik\/","title":{"rendered":"NELER YAPTIK?"},"content":{"rendered":"<p>[vc_row margin_top=&#8221;50px&#8221;][vc_column][vc_column_text]<\/p>\n<p style=\"text-align: left;\">2005 y\u0131l\u0131ndan bu yana 1000\u2018den fazla konser, tiyatro, festival, road show, lansman\u00a0 ve organizasyonu ger\u00e7ekle\u015ftirdik.<\/p>\n<p style=\"text-align: left;\">Kurumsal etkinliklerden k\u00fclt\u00fcr ve sanat etkinliklerine, belediye festivallerinden gen\u00e7lik festivallerine kadar uzanan geni\u015f bir yelpaze hayat\u0131n\u0131za renk kat\u0131yoruz&#8230;<\/p>\n<p>[\/vc_column_text][\/vc_column][\/vc_row][vc_row bg_type=&#8221;image&#8221; bg_override=&#8221;ex-full&#8221;][vc_column css_animation=&#8221;fadeInRight&#8221;]<div id=\"ultimate-heading-628769e4b1ebc9e5a\" class=\"uvc-heading ult-adjust-bottom-margin ultimate-heading-628769e4b1ebc9e5a uvc-4481 \" data-hspacer=\"icon_only\"  data-halign=\"left\" style=\"text-align:left\"><div class=\"uvc-heading-spacer icon_only\" style=\"top\"><div class=\"ult-just-icon-wrapper  \"><div class=\"align-icon\" style=\"text-align:left;\">\n<div class=\"aio-icon square \"  style=\"color:#ffffff;background:#a41014;font-size:32px;\">\n\t<i class=\"Defaults-music\"><\/i>\n<\/div><\/div><\/div><\/div><div class=\"uvc-main-heading ult-responsive\"  data-ultimate-target='.uvc-heading.ultimate-heading-628769e4b1ebc9e5a h2'  data-responsive-json-new='{\"font-size\":\"desktop:32px;\",\"line-height\":\"\"}' ><h2 style=\"font-weight:normal;\">KONSER<\/h2><\/div><\/div>[vc_empty_space height=&#8221;28px&#8221;][vc_row_inner][vc_column_inner width=&#8221;1\/3&#8243;]<div class=\"standard-arrow list-divider\"><ul>\n<li>Ajda Pekkan \u00a0 \u2013 Harbiye A\u00e7\u0131khava<\/li>\n<li>Kenan Do\u011fulu \u00a0 \u2013 Bostanc\u0131 G\u00f6steri Merkezi<\/li>\n<li>Linet\u00a0 \u2013 Bostanc\u0131 G\u00f6steri Merkezi<\/li>\n<li>Volkan Konak\u00a0 \u2013 Bostanc\u0131 G\u00f6steri Merkezi<\/li>\n<li>Duman \u00a0 \u2013 Bostanc\u0131 G\u00f6steri Merkezi<\/li>\n<li>Koray Avc\u0131 \u00a0 \u2013 Bostanc\u0131 G\u00f6steri Merkezi<\/li>\n<li>G\u00f6ksel \u00a0 \u2013 \u0130zmir Arena<\/li>\n<li>G\u00fcl\u015fen\u00a0 \u2013 \u0130zmir Arena<\/li>\n<li>Beng\u00fc\u00a0 \u2013 Harbiye Hilton Convetion Hall<\/li>\n<li>Mehmet Erdem\u00a0 \u2013 Matine 216<\/li>\n<li>Fettah Can\u00a0 \u2013 Matine 216<\/li>\n<li>Duman\u00a0 \u2013 Bostanc\u0131 G\u00f6steri Merkezi<\/li>\n<li>Duman\u00a0 \u2013 T\u00fcrkiye Turnesi<\/li>\n<li>Hande Yener\u00a0 \u2013 Alb\u00fcm Lansman Turnesi<\/li>\n<li>Ajda Pekkan \u00a0 \u2013 Fenerbah\u00e7e True Blue<\/li>\n<li>Serkan \u00c7a\u011fr\u0131 Rumeli Band\u00a0 \u2013 Matine 216<\/li>\n<li>Rubato &#8211;\u00a0 Kayseri<\/li>\n<\/ul>\n<\/div>[\/vc_column_inner][vc_column_inner width=&#8221;1\/3&#8243;]<div class=\"standard-arrow list-divider\"><ul>\n<li>Burcu G\u00fcne\u015f\u00a0 \u2013 Bostanc\u0131 G\u00f6steri Merkezi<\/li>\n<li>Mustafa Ceceli\u00a0 \u2013 Bostanc\u0131 G\u00f6steri Merkezi<\/li>\n<li>Ferhat G\u00f6\u00e7er\u00a0 \u2013 Bostanc\u0131 G\u00f6steri Merkezi<\/li>\n<li>Demet Akal\u0131n\u00a0 \u2013 Bostanc\u0131 G\u00f6steri Merkezi<\/li>\n<li>Demet Akal\u0131n\u00a0 \u2013 \u0130zmir Arena<\/li>\n<li>G\u00fcl\u015fen\u00a0 \u2013 \u0130zmir Arena<\/li>\n<li>MF\u00d6\u00a0 \u2013 Matine 216<\/li>\n<li>\u0130brahim Tatl\u0131ses\u00a0 \u2013 Matine 216<\/li>\n<li>Kerem G\u00f6rsev Trio\u00a0 \u2013 Bostanc\u0131 G\u00f6steri Merkezi<\/li>\n<li>Burhan \u00d6cal \u00a0 \u2013 Matine 216<\/li>\n<li>Ayhan Sicimo\u011flu\u00a0 \u2013 Matine 216<\/li>\n<li>Suzan Karde\u015f\u00a0 \u2013 Matine 216<\/li>\n<li>Serdar Orta\u00e7\u00a0 \u2013 K\u00fc\u00e7\u00fck\u00e7iftlik Park<\/li>\n<li>Anadolu Ate\u015fi\u00a0 \u2013 Bostanc\u0131 G\u00f6steri Merkezi<\/li>\n<li>Murat Dalk\u0131l\u0131\u00e7- Lansman\u00a0 \u2013 Bostanc\u0131 G\u00f6steri Merkezi<\/li>\n<li>Emre Kaya \u2013 Lansman\u00a0 \u2013 Bostanc\u0131 G\u00f6steri Merkezi<\/li>\n<li>\u0130nce Saz &#8211; \u0130stanbul<\/li>\n<\/ul>\n<\/div>[\/vc_column_inner][vc_column_inner width=&#8221;1\/3&#8243;]<div class=\"standard-arrow list-divider\"><ul>\n<li>Lord of the Dance\u00a0 \u2013 K\u00fc\u00e7\u00fck\u00e7iftlik Park<\/li>\n<li>The Cranberries \u00a0 \u2013 K\u00fc\u00e7\u00fck\u00e7iftlik Park<\/li>\n<li>The Cranberries\u00a0 \u2013 \u00c7e\u015fme<\/li>\n<li>LMFAO\u00a0 \u2013 Park Orman<\/li>\n<li>Tiest\u0131\u00a0 \u2013 Park Orman<\/li>\n<li>Scorpions\u00a0 \u2013 K\u00fc\u00e7\u00fck\u00e7iftlik Park<\/li>\n<li>David Guetta\u00a0 \u2013 K\u00fc\u00e7\u00fck\u00e7iftlik Park<\/li>\n<li>Goran Bregovi\u00e7\u00a0 \u2013 Bostanc\u0131 G\u00f6steri Merkezi<\/li>\n<li>Goran Bregovi\u00e7\u00a0 \u2013 Harbiye A\u00e7\u0131k Hava<\/li>\n<li>Enrique Iglesias\u00a0 \u2013 K\u00fc\u00e7\u00fck\u00e7iftlik Park<\/li>\n<li>UB 40 Tribute\u00a0 \u2013 Matine 216<\/li>\n<li>Adina Butar A\u0130M\u0130\u00a0 \u2013 T\u00fcrkiye Turnesi<\/li>\n<li>DJ Suat Ate\u015fda\u011fl\u0131\u00a0 \u2013 T\u00fcrkiye Turnesi<\/li>\n<li>Ozan Do\u011fulu\u00a0 \u2013 T\u00fcrkiye Turnesi<\/li>\n<li>Cesaria Evora\u00a0 \u2013 True Blue<\/li>\n<li>Emircan \u0130\u011frek &#8211; Kayseri<\/li>\n<li>\u0130nce Saz &#8211; \u00c7orlu<\/li>\n<\/ul>\n<\/div>[\/vc_column_inner][\/vc_row_inner][\/vc_column][\/vc_row][vc_row][vc_column css_animation=&#8221;lightSpeedIn&#8221;]<div id=\"ultimate-heading-75669e4b1ebca071\" class=\"uvc-heading ult-adjust-bottom-margin ultimate-heading-75669e4b1ebca071 uvc-2639 \" data-hspacer=\"icon_only\"  data-halign=\"left\" style=\"text-align:left\"><div class=\"uvc-heading-spacer icon_only\" style=\"top\"><div class=\"ult-just-icon-wrapper  \"><div class=\"align-icon\" style=\"text-align:left;\">\n<div class=\"aio-icon square \"  style=\"color:#ffffff;background:#a41014;font-size:32px;\">\n\t<i class=\"Defaults-bank institution university\"><\/i>\n<\/div><\/div><\/div><\/div><div class=\"uvc-main-heading ult-responsive\"  data-ultimate-target='.uvc-heading.ultimate-heading-75669e4b1ebca071 h2'  data-responsive-json-new='{\"font-size\":\"desktop:32px;\",\"line-height\":\"\"}' ><h2 style=\"font-weight:normal;\">T\u0130YATRO<\/h2><\/div><\/div>[vc_empty_space height=&#8221;28px&#8221; el_class=&#8221;TEATHER&#8221;][vc_row_inner][vc_column_inner width=&#8221;1\/2&#8243;]<div class=\"standard-arrow list-divider\"><ul>\n<li>Sevgilime G\u00f6z Kulak Ol Gala G\u00f6sterimi\u00a0 \u2013 Emek Sahnesi<\/li>\n<li>Fosforlunun Hikayesi \/ Tiyatro Kare\u00a0 \u2013 Emek Sahnesi<\/li>\n<li>Shirley\u00a0 \u2013 Gebze Osman Hamdi Bey<\/li>\n<li>Shirley\u00a0 \u2013 Emek Sahnesi<\/li>\n<li>Nilg\u00fcn Belg\u00fcn ile A\u015fk ve Komedi\u00a0 \u2013 Emek Sahnesi<\/li>\n<li>Nilg\u00fcn Belg\u00fcn ile A\u015fk ve Komedi\u00a0 \u2013 \u00c7erkezk\u00f6y<\/li>\n<li>Ali Poyrazo\u011flu ile \u00d6d\u00fcn\u00e7 Ya\u015famlar\u00a0 \u2013 Emek Sahnesi<\/li>\n<li>Ali Poyrazo\u011flu ile \u00d6d\u00fcn\u00e7 Ya\u015famlar\u00a0 \u2013 BGM<\/li>\n<li>Ali Poyrazo\u011flu ile \u00d6d\u00fcn\u00e7 Ya\u015famlar \u00a0 \u2013 Gebze Osamn Hamdi Bey<\/li>\n<li>Ali Poyrazo\u011flu ile \u00d6d\u00fcn\u00e7 Ya\u015famlar \u00a0 \u2013 Alt\u0131noluk A\u00e7\u0131khava<\/li>\n<li>Ali Poyrazo\u011flu ile \u00d6d\u00fcn\u00e7 Ya\u015famlar \u00a0 \u2013 MO\u0130 Sahne<\/li>\n<li>Kibarl\u0131k Budalas\u0131 \/ Haldun Dormen\u00a0 \u2013 Emek Sahnesi<\/li>\n<li>Marko Pa\u015fa \/ Uygur Karde\u015fler\u00a0 \u2013 BGM<\/li>\n<li>Gulyabani \/ Tiyatro Kedi\u00a0 \u2013 Emek Sahnesi<\/li>\n<li>Metin Uca &#8212; Bursa<\/li>\n<li>Metin Uca &#8212; Bal\u0131kesir<\/li>\n<li>Metin Uca &#8212; \u0130stanbul<\/li>\n<li>Metin Uca &#8212; Eski\u015fehir<\/li>\n<li>Metin Uca &#8212; Ankara<\/li>\n<li>Metin Uca &#8212; Antalya<\/li>\n<li>Metin Uca &#8212; Kayseri<\/li>\n<li>Metin Uca &#8212; Mersin<\/li>\n<li>Metin Uca &#8212; Adana<\/li>\n<li>Metin Uca &#8212; Hatay<\/li>\n<li>Metin Uca &#8212; Antalya<\/li>\n<li>Metin Uca &#8212; Diyarbak\u0131r<\/li>\n<\/ul>\n<\/div>[\/vc_column_inner][vc_column_inner el_class=&#8221;Eski\u015fehir&#8221; width=&#8221;1\/2&#8243; el_id=&#8221; Plastik A\u015fklar&#8221;]<div class=\"standard-arrow list-divider\"><ul>\n<li>\u0130deal Koca \u00a0 \u2013 Bursa Sanat Mahal<\/li>\n<li>\u0130deal Koca\u00a0 \u2013 Grandpera Sahnesi<\/li>\n<li>Metin Y\u0131ld\u0131z B\u00f6yle D\u00fc\u015f\u00fcnmenizi \u0130stemiyorum \u00a0 \u2013 Mersin<\/li>\n<li>Son Zenne\u00a0 \u2013 Ankara Sahne Ankara<\/li>\n<li>Kad\u0131n Akl\u0131 Erkek Akl\u0131 \/ Tiyatro Akla Kara\u00a0 \u2013 Emek Sahnesi<\/li>\n<li>Allaha\u0131smarlad\u0131k Cumhuriyet \u00a0 \u2013 Ankara Sahne Ankara<\/li>\n<li>Yalandan Kim \u00d6lm\u00fc\u015f\u00a0 \u2013 BGM<\/li>\n<li>Kuru S\u0131k\u0131\u00a0 \u2013 Ankara MEB \u015eura<\/li>\n<li>Can\u0131m Karde\u015fim \/ \u00c7ocuk Oyunu\u00a0 \u2013 BGM<\/li>\n<li>Can Arkada\u015f\u0131m \/ \u00c7ocuk Oyunu \u00a0 \u2013 BGM<\/li>\n<li>Marsupilami \/ \u00c7ocuk Oyunu \u00a0 \u2013 BGM<\/li>\n<li>Fareli K\u00f6y\u00fcn Kavalc\u0131s\u0131 \/ \u00c7ocuk Oyunu \u00a0 \u2013 Grandpera Sahnesi<\/li>\n<li>Fareli K\u00f6y\u00fcn Kavalc\u0131s\u0131 \/ \u00c7ocuk Oyunu \u00a0 \u2013 Ankara Sahne Ankara<\/li>\n<li>Plastik A\u015fklar &#8212; Bursa<\/li>\n<li>Plastik A\u015fklar &#8212; Eski\u015fehir<\/li>\n<li>Plastik A\u015fklar &#8212; Ankara<\/li>\n<li>Plastik A\u015fklar &#8212; \u0130stanbul<\/li>\n<li>Plastik A\u015fklar &#8212; Mersin<\/li>\n<li>Plastik A\u015fklar &#8212; Adana<\/li>\n<li>Plastik A\u015fklar &#8212; Kayseri<\/li>\n<li>Plastik A\u015fklar &#8212; Alanya<\/li>\n<li>Band\u0131rma Vapuru &#8212; Bal\u0131kesir<\/li>\n<li>Band\u0131rma Vapuru &#8211; Eski\u015fehir<\/li>\n<li>Band\u0131rma Vapuru &#8211; Ankara<\/li>\n<li>Band\u0131rma Vapuru &#8211; \u0130stanbul<\/li>\n<li>Band\u0131rma Vapuru &#8211; Band\u0131rma<\/li>\n<\/ul>\n<\/div>[\/vc_column_inner][\/vc_row_inner][\/vc_column][\/vc_row][vc_row][vc_column css_animation=&#8221;lightSpeedIn&#8221;]<div id=\"ultimate-heading-310569e4b1ebca21a\" class=\"uvc-heading ult-adjust-bottom-margin ultimate-heading-310569e4b1ebca21a uvc-8772 \" data-hspacer=\"icon_only\"  data-halign=\"left\" style=\"text-align:left\"><div class=\"uvc-heading-spacer icon_only\" style=\"top\"><div class=\"ult-just-icon-wrapper  \"><div class=\"align-icon\" style=\"text-align:left;\">\n<div class=\"aio-icon square \"  style=\"color:#ffffff;background:#a41014;font-size:32px;\">\n\t<i class=\"Defaults-suitcase\"><\/i>\n<\/div><\/div><\/div><\/div><div class=\"uvc-main-heading ult-responsive\"  data-ultimate-target='.uvc-heading.ultimate-heading-310569e4b1ebca21a h2'  data-responsive-json-new='{\"font-size\":\"desktop:32px;\",\"line-height\":\"\"}' ><h2 style=\"font-weight:normal;\">KURUMSAL<\/h2><\/div><\/div>[vc_empty_space height=&#8221;28px&#8221;][vc_row_inner][vc_column_inner width=&#8221;1\/2&#8243;]<div class=\"standard-arrow list-divider\"><ul>\n<li>U\u011fur Derin Dondurucu Lansman \u00a0 \u2013 Antalya<\/li>\n<li>Mondial Motorsiklet Lansman \u00a0 \u2013 Antalya<\/li>\n<li>\u00d6zdilek Park AVM\u00a0 \u2013 \u0130stanbul<\/li>\n<li>Mehmet\u00e7ik Vakf\u0131 G\u00fcng\u00f6ren AVM\u00a0 \u2013 \u0130stanbul<\/li>\n<li>TESYEV Moral Gecesi\u00a0 \u2013 \u0130stanbul<\/li>\n<li>TESYEV Moral Pikni\u011fi\u00a0 \u2013 \u0130stanbul<\/li>\n<\/ul>\n<\/div>[\/vc_column_inner][vc_column_inner width=&#8221;1\/2&#8243;]<div class=\"standard-arrow list-divider\"><ul>\n<li>GrandPera Flash Mob\u00a0 \u2013 \u0130stanbul<\/li>\n<li>Bozcaada Belediyesi Ba\u011fbozumu Fest.\u00a0 \u2013 \u00c7anakkale \/ Bozcaada<\/li>\n<li>Gelibolu Alt\u0131n Sardalya K\u00fclt\u00fcr ve Sanat Fest. \u2013 \u00c7anakkale \/ Gelibolu<\/li>\n<li>Uluslararas\u0131 Troia K\u00fclt\u00fcr ve Sanat Fest.\u00a0 \u2013 \u00c7anakkale<\/li>\n<li>Erzincan Park AVM &#8211; Ramazan \u015eenlikleri \u00a0 \u2013 Erzincan<\/li>\n<\/ul>\n<\/div>[\/vc_column_inner][\/vc_row_inner][\/vc_column][\/vc_row]<\/p>\n","protected":false},"excerpt":{"rendered":"<p>[vc_row margin_top=&#8221;50px&#8221;][vc_column][vc_column_text] 2005 y\u0131l\u0131ndan bu yana 1000\u2018den fazla konser, tiyatro, festival, road show, lansman\u00a0 ve organizasyonu ger\u00e7ekle\u015ftirdik. Kurumsal etkinliklerden k\u00fclt\u00fcr ve sanat etkinliklerine, belediye festivallerinden gen\u00e7lik festivallerine kadar uzanan geni\u015f bir yelpaze hayat\u0131n\u0131za renk kat\u0131yoruz&#8230; [\/vc_column_text][\/vc_column][\/vc_row][vc_row bg_type=&#8221;image&#8221; bg_override=&#8221;ex-full&#8221;][vc_column css_animation=&#8221;fadeInRight&#8221;][vc_empty_space height=&#8221;28px&#8221;][vc_row_inner][vc_column_inner width=&#8221;1\/3&#8243;][\/vc_column_inner][vc_column_inner width=&#8221;1\/3&#8243;][\/vc_column_inner][vc_column_inner width=&#8221;1\/3&#8243;][\/vc_column_inner][\/vc_row_inner][\/vc_column][\/vc_row][vc_row][vc_column css_animation=&#8221;lightSpeedIn&#8221;][vc_empty_space height=&#8221;28px&#8221; el_class=&#8221;TEATHER&#8221;][vc_row_inner][vc_column_inner width=&#8221;1\/2&#8243;][\/vc_column_inner][vc_column_inner el_class=&#8221;Eski\u015fehir&#8221; width=&#8221;1\/2&#8243; el_id=&#8221; Plastik A\u015fklar&#8221;][\/vc_column_inner][\/vc_row_inner][\/vc_column][\/vc_row][vc_row][vc_column css_animation=&#8221;lightSpeedIn&#8221;][vc_empty_space height=&#8221;28px&#8221;][vc_row_inner][vc_column_inner width=&#8221;1\/2&#8243;][\/vc_column_inner][vc_column_inner&hellip;<\/p>\n","protected":false},"author":1,"featured_media":0,"parent":0,"menu_order":0,"comment_status":"closed","ping_status":"closed","template":"","meta":{"_mi_skip_tracking":false},"_links":{"self":[{"href":"https:\/\/glowmedya.com\/tr\/wp-json\/wp\/v2\/pages\/52792"}],"collection":[{"href":"https:\/\/glowmedya.com\/tr\/wp-json\/wp\/v2\/pages"}],"about":[{"href":"https:\/\/glowmedya.com\/tr\/wp-json\/wp\/v2\/types\/page"}],"author":[{"embeddable":true,"href":"https:\/\/glowmedya.com\/tr\/wp-json\/wp\/v2\/users\/1"}],"replies":[{"embeddable":true,"href":"https:\/\/glowmedya.com\/tr\/wp-json\/wp\/v2\/comments?post=52792"}],"version-history":[{"count":26,"href":"https:\/\/glowmedya.com\/tr\/wp-json\/wp\/v2\/pages\/52792\/revisions"}],"predecessor-version":[{"id":53309,"href":"https:\/\/glowmedya.com\/tr\/wp-json\/wp\/v2\/pages\/52792\/revisions\/53309"}],"wp:attachment":[{"href":"https:\/\/glowmedya.com\/tr\/wp-json\/wp\/v2\/media?parent=52792"}],"curies":[{"name":"wp","href":"https:\/\/api.w.org\/{rel}","templated":true}]}}