{"id":52752,"date":"2021-05-07T00:25:50","date_gmt":"2021-05-06T21:25:50","guid":{"rendered":"http:\/\/glowmedya.com\/?page_id=52752"},"modified":"2021-05-08T19:48:35","modified_gmt":"2021-05-08T16:48:35","slug":"yakinda","status":"publish","type":"page","link":"https:\/\/glowmedya.com\/tr\/yakinda\/","title":{"rendered":""},"content":{"rendered":"<p>[vc_row][vc_column css_animation=&#8221;fadeInRight&#8221;]<div class=\"dt-portfolio-shortcode slider-wrapper arrows-light enable-mobile-arrows description-under-image content-align-left\" data-padding-side=\"20\" data-autoslide=\"true\" data-delay=\"4000\" data-loop=\"true\"><div class=\"frame fullwidth-slider\"><ul class=\"clearfix\"><li class=\"fs-entry\">\n\n<article class=\"post post-53362 dt_portfolio type-dt_portfolio status-publish has-post-thumbnail hentry dt_portfolio_category-gelecek-etkinlikler dt_portfolio_category-259\">\n\n\t<div class=\"project-list-media\">\n\t<figure class=\"buttons-on-img \">\n\t\t<a href=\"https:\/\/glowmedya.com\/tr\/project\/subat-ayi-etkinliklerimiz\/\" class=\"alignnone rollover layzr-bg\" title=\"etek\" ><img class=\"lazy-load preload-me\" src=\"data:image\/svg+xml,%3Csvg%20xmlns%3D&#39;http%3A%2F%2Fwww.w3.org%2F2000%2Fsvg&#39;%20viewBox%3D&#39;0%200%20147%20210&#39;%2F%3E\" data-src=\"https:\/\/glowmedya.com\/tr\/wp-content\/uploads\/2021\/05\/etek-147x210.jpg\" data-srcset=\"https:\/\/glowmedya.com\/tr\/wp-content\/uploads\/2021\/05\/etek-147x210.jpg 147w, https:\/\/glowmedya.com\/tr\/wp-content\/uploads\/2021\/05\/etek-294x420.jpg 294w\" alt=\"\" width=\"147\" height=\"210\"  \/><\/a>\t\t\t<\/figure>\n<\/div>\n<div class=\"project-list-content\">\n\t<h3 class=\"entry-title\"><a href=\"https:\/\/glowmedya.com\/tr\/project\/subat-ayi-etkinliklerimiz\/\" title=\"\u015eUBAT AYI ETK\u0130NL\u0130KLER\u0130M\u0130Z\" rel=\"bookmark\">\u015eUBAT AYI ETK\u0130NL\u0130KLER\u0130M\u0130Z<\/a><\/h3><\/div>\n<\/article>\n\n<\/li><li class=\"fs-entry\">\n\n<article class=\"post post-53315 dt_portfolio type-dt_portfolio status-publish has-post-thumbnail hentry dt_portfolio_category-gelecek-etkinlikler dt_portfolio_category-259\">\n\n\t<div class=\"project-list-media\">\n\t<figure class=\"buttons-on-img \">\n\t\t<a href=\"https:\/\/glowmedya.com\/tr\/project\/gelecek-etkinlik\/\" class=\"alignnone rollover layzr-bg\" title=\"etek\" ><img class=\"lazy-load preload-me\" src=\"data:image\/svg+xml,%3Csvg%20xmlns%3D&#39;http%3A%2F%2Fwww.w3.org%2F2000%2Fsvg&#39;%20viewBox%3D&#39;0%200%20147%20210&#39;%2F%3E\" data-src=\"https:\/\/glowmedya.com\/tr\/wp-content\/uploads\/2021\/05\/etek-147x210.jpg\" data-srcset=\"https:\/\/glowmedya.com\/tr\/wp-content\/uploads\/2021\/05\/etek-147x210.jpg 147w, https:\/\/glowmedya.com\/tr\/wp-content\/uploads\/2021\/05\/etek-294x420.jpg 294w\" alt=\"\" width=\"147\" height=\"210\"  \/><\/a>\t\t\t<\/figure>\n<\/div>\n<div class=\"project-list-content\">\n\t<h3 class=\"entry-title\"><a href=\"https:\/\/glowmedya.com\/tr\/project\/gelecek-etkinlik\/\" title=\"OCAK AYI ETK\u0130NL\u0130KLER\u0130M\u0130Z&#8230;.\" rel=\"bookmark\">OCAK AYI ETK\u0130NL\u0130KLER\u0130M\u0130Z&#8230;.<\/a><\/h3><\/div>\n<\/article>\n\n<\/li><\/ul><\/div><div class=\"prev\"><i><\/i><\/div><div class=\"next\"><i><\/i><\/div><\/div>[\/vc_column][\/vc_row]<\/p>\n","protected":false},"excerpt":{"rendered":"<p>[vc_row][vc_column css_animation=&#8221;fadeInRight&#8221;][\/vc_column][\/vc_row]<\/p>\n","protected":false},"author":1,"featured_media":53328,"parent":0,"menu_order":0,"comment_status":"closed","ping_status":"closed","template":"","meta":{"_mi_skip_tracking":false},"_links":{"self":[{"href":"https:\/\/glowmedya.com\/tr\/wp-json\/wp\/v2\/pages\/52752"}],"collection":[{"href":"https:\/\/glowmedya.com\/tr\/wp-json\/wp\/v2\/pages"}],"about":[{"href":"https:\/\/glowmedya.com\/tr\/wp-json\/wp\/v2\/types\/page"}],"author":[{"embeddable":true,"href":"https:\/\/glowmedya.com\/tr\/wp-json\/wp\/v2\/users\/1"}],"replies":[{"embeddable":true,"href":"https:\/\/glowmedya.com\/tr\/wp-json\/wp\/v2\/comments?post=52752"}],"version-history":[{"count":24,"href":"https:\/\/glowmedya.com\/tr\/wp-json\/wp\/v2\/pages\/52752\/revisions"}],"predecessor-version":[{"id":53350,"href":"https:\/\/glowmedya.com\/tr\/wp-json\/wp\/v2\/pages\/52752\/revisions\/53350"}],"wp:featuredmedia":[{"embeddable":true,"href":"https:\/\/glowmedya.com\/tr\/wp-json\/wp\/v2\/media\/53328"}],"wp:attachment":[{"href":"https:\/\/glowmedya.com\/tr\/wp-json\/wp\/v2\/media?parent=52752"}],"curies":[{"name":"wp","href":"https:\/\/api.w.org\/{rel}","templated":true}]}}