{"id":46336,"date":"2017-10-12T10:31:56","date_gmt":"2017-10-12T07:31:56","guid":{"rendered":"http:\/\/the7.io\/main\/?page_id=46336"},"modified":"2021-05-08T16:20:53","modified_gmt":"2021-05-08T13:20:53","slug":"anasayfa","status":"publish","type":"page","link":"https:\/\/glowmedya.com\/tr\/","title":{"rendered":"Anasayfa"},"content":{"rendered":"<p>[vc_row type=&#8221;vc_default&#8221; equal_height=&#8221;yes&#8221; bg_type=&#8221;bg_color&#8221; bg_override=&#8221;full&#8221; seperator_enable=&#8221;seperator_enable_value&#8221; seperator_type=&#8221;xlarge_triangle_left_seperator&#8221; seperator_position=&#8221;bottom_seperator&#8221; seperator_svg_height=&#8221;100&#8243; css=&#8221;.vc_custom_1514073005983{margin-bottom: 0px !important;}&#8221;][vc_column width=&#8221;1\/2&#8243;]<div id=\"ultimate-heading-981269e0444f147cc\" class=\"uvc-heading ult-adjust-bottom-margin ultimate-heading-981269e0444f147cc uvc-5496 \" data-hspacer=\"no_spacer\"  data-halign=\"left\" style=\"text-align:left\"><div class=\"uvc-heading-spacer no_spacer\" style=\"top\"><\/div><div class=\"uvc-main-heading ult-responsive\"  data-ultimate-target='.uvc-heading.ultimate-heading-981269e0444f147cc h2'  data-responsive-json-new='{\"font-size\":\"desktop:100px;tablet:100px;\",\"line-height\":\"desktop:100px;\"}' ><h2 style=\"font-weight:bold;color:#e5e5e5;\"> ABOUT US<\/h2><\/div><\/div><div id=\"ultimate-heading-567269e0444f14817\" class=\"uvc-heading ult-adjust-bottom-margin ultimate-heading-567269e0444f14817 uvc-156 \" data-hspacer=\"no_spacer\"  data-halign=\"left\" style=\"text-align:left\"><div class=\"uvc-heading-spacer no_spacer\" style=\"top\"><\/div><div class=\"uvc-main-heading ult-responsive\"  data-ultimate-target='.uvc-heading.ultimate-heading-567269e0444f14817 h2'  data-responsive-json-new='{\"font-size\":\"desktop:30px;tablet:30px;\",\"line-height\":\"desktop:30px;\"}' ><h2 style=\"font-weight:bold;color:#000000;margin-top:-50px;\">HAKKIMIZDA<\/h2><\/div><\/div>[vc_column_text css=&#8221;.vc_custom_1620331305743{margin-bottom: 0px !important;}&#8221;]<\/p>\n<h3>2005 y\u0131l\u0131ndan bu yana ger\u00e7ekle\u015ftirilen 1000\u2018den fazla konser, tiyatro, festival, road show, lansman\u00a0 ve organizasyonu ger\u00e7ekle\u015ftiren ekibimiz, Glow Medya markas\u0131 ile \u00e7\u00f6z\u00fcm orta\u011f\u0131n\u0131z oluyor.<\/h3>\n<h3>Kurumsal etkinliklerden k\u00fclt\u00fcr ve sanat etkinliklerine, belediye festivallerinden gen\u00e7lik festivallerine kadar uzanan yelpazede hayat\u0131n\u0131za de\u011fer kat\u0131yoruz\u2026<\/h3>\n<p>[\/vc_column_text][\/vc_column][vc_column width=&#8221;1\/2&#8243;][vc_single_image image=&#8221;53234&#8243; img_size=&#8221;500&#215;615&#8243; alignment=&#8221;center&#8221; el_class=&#8221;about&#8221;][\/vc_column][\/vc_row][vc_row bg_type=&#8221;image&#8221; bg_override=&#8221;ex-full&#8221;][vc_column css_animation=&#8221;fadeInRight&#8221;]<div id=\"ultimate-heading-524269e0444f14837\" class=\"uvc-heading ult-adjust-bottom-margin ultimate-heading-524269e0444f14837 uvc-1278 \" data-hspacer=\"no_spacer\"  data-halign=\"left\" style=\"text-align:left\"><div class=\"uvc-heading-spacer no_spacer\" style=\"top\"><\/div><div class=\"uvc-main-heading ult-responsive\"  data-ultimate-target='.uvc-heading.ultimate-heading-524269e0444f14837 h2'  data-responsive-json-new='{\"font-size\":\"desktop:100px;tablet:100px;\",\"line-height\":\"desktop:100px;\"}' ><h2 style=\"font-weight:bold;color:#e5e5e5;\">WHAT WE DO?<\/h2><\/div><\/div><div id=\"ultimate-heading-464769e0444f14855\" class=\"uvc-heading ult-adjust-bottom-margin ultimate-heading-464769e0444f14855 uvc-4198 \" data-hspacer=\"no_spacer\"  data-halign=\"left\" style=\"text-align:left\"><div class=\"uvc-heading-spacer no_spacer\" style=\"top\"><\/div><div class=\"uvc-main-heading ult-responsive\"  data-ultimate-target='.uvc-heading.ultimate-heading-464769e0444f14855 h2'  data-responsive-json-new='{\"font-size\":\"desktop:30px;tablet:30px;\",\"line-height\":\"desktop:30px;\"}' ><h2 style=\"font-weight:bold;color:#000000;margin-top:-50px;\">NELER YAPIYORUZ?<\/h2><\/div><\/div>[vc_empty_space height=&#8221;28px&#8221;][vc_row_inner][vc_column_inner width=&#8221;1\/3&#8243;]<div class=\"standard-arrow list-divider\"><ul>\n<li>Konser Organizasyonu<\/li>\n<li>Belediye Festivalleri, Gen\u00e7lik Festivalleri<\/li>\n<li>Kongre &amp; Sempozyum<\/li>\n<li>E\u011fitim Seminerleri<\/li>\n<li>Tiyatro Organizasyon<\/li>\n<li>Bahar \u015eenli\u011fi Organizasyonu<\/li>\n<li>A\u00e7\u0131l\u0131\u015f Organizasyonu<\/li>\n<li>\u0130\u00e7 \u0130leti\u015fim Etkinlikleri<\/li>\n<li>\u00dcr\u00fcn Tan\u0131t\u0131mlar\u0131<\/li>\n<li>Lansman<\/li>\n<\/ul>\n<\/div>[\/vc_column_inner][vc_column_inner width=&#8221;1\/3&#8243;]<div class=\"standard-arrow list-divider\"><ul>\n<li>Bayi Toplant\u0131lar\u0131<\/li>\n<li>Kurumsal Toplant\u0131lar ve Etkinlikler<\/li>\n<li>Pazarlama Aktiviteleri<\/li>\n<li>Konser Organizasyon<\/li>\n<li>Roadshow Organizasyonlar<\/li>\n<li>VIP Etkinlikler<\/li>\n<li>Workshop Organizasyonlar<\/li>\n<li>Fuar Organizasyonlar\u0131<\/li>\n<li>Al\u0131\u015fveri\u015f Merkezi Etkinlikleri<\/li>\n<\/ul>\n<\/div>[\/vc_column_inner][vc_column_inner width=&#8221;1\/3&#8243;]<div class=\"standard-arrow list-divider\"><ul>\n<li>Logo, Kartvizit, Antetli<\/li>\n<li>Kurumsal Kimlik<\/li>\n<li>Marka Dan\u0131\u015fmanl\u0131\u011f\u0131<\/li>\n<li>Afi\u015f, Bro\u015f\u00fcr, Dergi, Katalog<\/li>\n<li>\u00dcr\u00fcn ve Katalog Foto\u011fraf \u00c7ekimleri<\/li>\n<li>Web Tasar\u0131m\u0131 ve Yaz\u0131l\u0131m\u0131<\/li>\n<li>Prod\u00fcksiyon ve Tan\u0131t\u0131m Filmi<\/li>\n<li>Sosyal Medya Y\u00f6netimi ve SEO<\/li>\n<li>Mobil Uygulama ve Yaz\u0131l\u0131m<\/li>\n<\/ul>\n<\/div>[\/vc_column_inner][\/vc_row_inner][\/vc_column][\/vc_row][vc_row type=&#8221;vc_default&#8221; full_width_row=&#8221;true&#8221; bg_type=&#8221;image&#8221; parallax_style=&#8221;vcpb-vz-jquery&#8221; bg_image_new=&#8221;id^53086|url^http:\/\/glowmedya.com\/wp-content\/uploads\/2016\/10\/banner-band-wide.jpg|caption^null|alt^null|title^banner-band-wide|description^null&#8221; bg_image_repeat=&#8221;no-repeat&#8221; bg_override=&#8221;full&#8221; disable_on_mobile_img_parallax=&#8221;disable_on_mobile_img_parallax_value&#8221; enable_overlay=&#8221;enable_overlay_value&#8221; overlay_pattern=&#8221;01.png&#8221;][vc_column]<div id=\"ultimate-heading-436369e0444f14ca5\" class=\"uvc-heading ult-adjust-bottom-margin ultimate-heading-436369e0444f14ca5 uvc-1621 \" data-hspacer=\"icon_only\"  data-halign=\"left\" style=\"text-align:left\"><div class=\"uvc-heading-spacer icon_only\" style=\"top\"><div class=\"ult-just-icon-wrapper  \"><div class=\"align-icon\" style=\"text-align:left;\">\n<div class=\"aio-icon square \"  style=\"color:#ffffff;font-size:32px;\">\n\t<i class=\"Defaults-music\"><\/i>\n<\/div><\/div><\/div><\/div><div class=\"uvc-main-heading ult-responsive\"  data-ultimate-target='.uvc-heading.ultimate-heading-436369e0444f14ca5 h2'  data-responsive-json-new='{\"font-size\":\"desktop:32px;\",\"line-height\":\"\"}' ><h2 style=\"font-weight:normal;color:#ffffff;margin-bottom:20px;\">Konser, Festival Organizasyon Hizmetleri<\/h2><\/div><\/div>[vc_column_text]<span style=\"color: #ffffff;\"><strong>T\u00fcrkiye&#8217;nin en iyi sanat\u00e7\u0131lar\u0131n\u0131 sahneye ta\u015f\u0131yoruz.<\/strong><\/span><\/p>\n<p><span style=\"color: #ffffff;\">Belediye etkinliklerinden, kurumsal etkinlerinize t\u00fcm organizasyonlar\u0131n\u0131zda ses, \u0131\u015f\u0131k ve sahne hizmetlerimiz ile T\u00fcrkiye&#8217;nin en iyi isimlerini sizlerle bulu\u015fturuyoruz.<\/span><\/p>\n<p><span style=\"color: #ffffff;\">Deneyimli ekibimiz ile \u00e7\u00f6z\u00fcm orta\u011f\u0131n\u0131z oluyor, sizlere kusursuz bir etkinlik vadediyoruz.<\/span>[\/vc_column_text][\/vc_column][\/vc_row][vc_row][vc_column width=&#8221;1\/2&#8243;]<div id=\"ultimate-heading-726669e0444f14cf0\" class=\"uvc-heading ult-adjust-bottom-margin ultimate-heading-726669e0444f14cf0 uvc-8845 \" data-hspacer=\"no_spacer\"  data-halign=\"left\" style=\"text-align:left\"><div class=\"uvc-heading-spacer no_spacer\" style=\"top\"><\/div><div class=\"uvc-main-heading ult-responsive\"  data-ultimate-target='.uvc-heading.ultimate-heading-726669e0444f14cf0 h2'  data-responsive-json-new='{\"font-size\":\"desktop:22px;\",\"line-height\":\"desktop:32px;\"}' ><h2 style=\"font-weight:bold;margin-top:50px;margin-bottom:30px;\">Kongre Organizasyon Hizmetleri<\/h2><\/div><\/div>[vc_column_text]Sekt\u00f6r\u00fcn\u00fcze uygun alternatif ve s\u0131ra d\u0131\u015f\u0131 fikirler ile i\u00e7erik olu\u015fturarak\u00a0 ger\u00e7ekle\u015ftirdi\u011fimiz kongre ve toplant\u0131larda markan\u0131za de\u011fer kat\u0131yoruz.<\/p>\n<p>Ula\u015f\u0131m, konaklama, e\u011fitim, interaktif etkinlikler ve sahne etkinlikleri ile destekledi\u011fimiz size \u00f6zel projelerimizle i\u015fbirli\u011fi i\u00e7inde olmak \u00fcmidiyle&#8230;<\/p>\n<p>[\/vc_column_text][\/vc_column][vc_column width=&#8221;1\/2&#8243;][vc_single_image image=&#8221;53134&#8243; img_size=&#8221;400&#215;358&#8243;][\/vc_column][\/vc_row][vc_row type=&#8221;1&#8243;][vc_column width=&#8221;1\/4&#8243;][vc_single_image image=&#8221;53137&#8243; img_size=&#8221;400&#215;337&#8243; alignment=&#8221;right&#8221; css=&#8221;.vc_custom_1514111524090{margin-top: 30px !important;}&#8221;][\/vc_column][vc_column width=&#8221;3\/4&#8243;]<div id=\"ultimate-heading-292369e0444f14d16\" class=\"uvc-heading ult-adjust-bottom-margin ultimate-heading-292369e0444f14d16 uvc-8902 \" data-hspacer=\"no_spacer\"  data-halign=\"left\" style=\"text-align:left\"><div class=\"uvc-heading-spacer no_spacer\" style=\"top\"><\/div><div class=\"uvc-main-heading ult-responsive\"  data-ultimate-target='.uvc-heading.ultimate-heading-292369e0444f14d16 h2'  data-responsive-json-new='{\"font-size\":\"desktop:22px;\",\"line-height\":\"desktop:32px;\"}' ><h2 style=\"font-weight:bold;margin-top:50px;margin-bottom:30px;\">Tiyatro Organizasyon Hizmetleri<\/h2><\/div><\/div>[vc_column_text]T\u00fcrkiye&#8217;nin en iyi tiyatro oyuncular\u0131n\u0131n rol ald\u0131\u011f\u0131 birbirinden g\u00fczel oyunlar <strong>Glow Medya<\/strong> organizasyonu ile seyircisi ile bulu\u015fuyor.<\/p>\n<p>\u00c7ocuk oyunlar\u0131ndan, yeti\u015fkin oyunlar\u0131na uzanan geni\u015f yelpazede ki sezonun en iyi oyunlar\u0131 i\u00e7in l\u00fctfen ileti\u015fime ge\u00e7in&#8230;[\/vc_column_text][\/vc_column][\/vc_row][vc_row margin_top=&#8221;50px&#8221;][vc_column width=&#8221;1\/2&#8243;]<div id=\"ultimate-heading-894569e0444f14d35\" class=\"uvc-heading ult-adjust-bottom-margin ultimate-heading-894569e0444f14d35 uvc-1626 \" data-hspacer=\"no_spacer\"  data-halign=\"left\" style=\"text-align:left\"><div class=\"uvc-heading-spacer no_spacer\" style=\"top\"><\/div><div class=\"uvc-main-heading ult-responsive\"  data-ultimate-target='.uvc-heading.ultimate-heading-894569e0444f14d35 h2'  data-responsive-json-new='{\"font-size\":\"desktop:22px;\",\"line-height\":\"desktop:32px;\"}' ><h2 style=\"font-weight:bold;margin-bottom:30px;\">Kurumsal Toplant\u0131 ve Organizasyon Hizmetleri<\/h2><\/div><\/div>[vc_column_text]\u00c7al\u0131\u015fanlar\u0131n\u0131z ve \u00e7\u00f6z\u00fcm ortaklar\u0131n\u0131z i\u00e7in ger\u00e7ekle\u015ftirece\u011finiz i\u00e7 e\u011fitim, motivasyon etkinlikleri ve \u00f6zel projeler i\u00e7in deneyimli ekibimiz ile sizlere kusursuz bir deneyim sunuyoruz.<\/p>\n<p>Toplant\u0131, seminer, outdoor aktiviteler, \u00e7ocuk ve yeti\u015fkinler i\u00e7in \u00f6zel olarak haz\u0131rlanm\u0131\u015f e\u011flence parkurlar\u0131 ve daha fazlas\u0131 ile yan\u0131n\u0131zday\u0131z&#8230;[\/vc_column_text][\/vc_column][vc_column width=&#8221;1\/2&#8243;]<div id=\"ultimate-heading-992369e0444f14d55\" class=\"uvc-heading ult-adjust-bottom-margin ultimate-heading-992369e0444f14d55 uvc-612 \" data-hspacer=\"no_spacer\"  data-halign=\"left\" style=\"text-align:left\"><div class=\"uvc-heading-spacer no_spacer\" style=\"top\"><\/div><div class=\"uvc-main-heading ult-responsive\"  data-ultimate-target='.uvc-heading.ultimate-heading-992369e0444f14d55 h2'  data-responsive-json-new='{\"font-size\":\"desktop:22px;\",\"line-height\":\"desktop:32px;\"}' ><h2 style=\"font-weight:bold;margin-bottom:30px;\">Roadshow Etkinlikleri<\/h2><\/div><\/div>[vc_column_text]Roadshow; marka, \u00fcr\u00fcn ve hizmetlerinizin tan\u0131t\u0131m\u0131 i\u00e7in t\u00fcketici ile y\u00fcz y\u00fcze etkile\u015fimi sa\u011flayan , \u015fehiri\u00e7i, \u015fehird\u0131\u015f\u0131 yap\u0131lan yol etkinlikleridir. Etkin ve ak\u0131lda kal\u0131c\u0131d\u0131r.<\/p>\n<p>Bu t\u00fcr etkinliklerde mobil sahne, \u00f6zel tasar\u0131m ara\u00e7lar, host ve hostesler ile size \u00f6zel projeler geli\u015ftirilmesi en do\u011fru yakla\u015f\u0131m olur.[\/vc_column_text][\/vc_column][\/vc_row][vc_row][vc_column][vc_column_text]<\/p>\n<p>[\/vc_column_text][\/vc_column][\/vc_row][vc_row][vc_column]<div id=\"ultimate-heading-738869e0444f14d79\" class=\"uvc-heading ult-adjust-bottom-margin ultimate-heading-738869e0444f14d79 uvc-1815 \" data-hspacer=\"no_spacer\"  data-halign=\"left\" style=\"text-align:left\"><div class=\"uvc-heading-spacer no_spacer\" style=\"top\"><\/div><div class=\"uvc-main-heading ult-responsive\"  data-ultimate-target='.uvc-heading.ultimate-heading-738869e0444f14d79 h2'  data-responsive-json-new='{\"font-size\":\"desktop:100px;tablet:100px;\",\"line-height\":\"desktop:100px;\"}' ><h2 style=\"font-weight:bold;color:#e5e5e5;\">OUR ACTIVITY<\/h2><\/div><\/div><div id=\"ultimate-heading-224269e0444f14d9d\" class=\"uvc-heading ult-adjust-bottom-margin ultimate-heading-224269e0444f14d9d uvc-8418 \" data-hspacer=\"no_spacer\"  data-halign=\"left\" style=\"text-align:left\"><div class=\"uvc-heading-spacer no_spacer\" style=\"top\"><\/div><div class=\"uvc-main-heading ult-responsive\"  data-ultimate-target='.uvc-heading.ultimate-heading-224269e0444f14d9d h2'  data-responsive-json-new='{\"font-size\":\"desktop:30px;tablet:30px;\",\"line-height\":\"desktop:30px;\"}' ><h2 style=\"font-weight:bold;color:#000000;margin-top:-50px;\">ETK\u0130NL\u0130KLER\u0130M\u0130Z<\/h2><\/div><div class=\"uvc-sub-heading ult-responsive\"  data-ultimate-target='.uvc-heading.ultimate-heading-224269e0444f14d9d .uvc-sub-heading '  data-responsive-json-new='{\"font-size\":\"\",\"line-height\":\"\"}'  style=\"font-weight:normal;color:#d3d3d3;\">XXXXX<\/div><\/div>[vc_masonry_media_grid element_width=&#8221;2&#8243; gap=&#8221;10&#8243; item=&#8221;masonryMedia_SimpleBlurWithScale&#8221; grid_id=&#8221;vc_gid:1620479937572-d08972c43b07d81e287bfae7fcc41b64-4&#8243; include=&#8221;52742,52740,52737,52733,52726,52721,52719,53287,53290,53289,53288,53286,53137,53067,53293,53294&#8243; css=&#8221;.vc_custom_1620480049067{margin-top: 50px !important;}&#8221;][\/vc_column][vc_column][\/vc_column][\/vc_row]<\/p>\n","protected":false},"excerpt":{"rendered":"<p>[vc_row type=&#8221;vc_default&#8221; equal_height=&#8221;yes&#8221; bg_type=&#8221;bg_color&#8221; bg_override=&#8221;full&#8221; seperator_enable=&#8221;seperator_enable_value&#8221; seperator_type=&#8221;xlarge_triangle_left_seperator&#8221; seperator_position=&#8221;bottom_seperator&#8221; seperator_svg_height=&#8221;100&#8243; css=&#8221;.vc_custom_1514073005983{margin-bottom: 0px !important;}&#8221;][vc_column width=&#8221;1\/2&#8243;][vc_column_text css=&#8221;.vc_custom_1620331305743{margin-bottom: 0px !important;}&#8221;] 2005 y\u0131l\u0131ndan bu yana ger\u00e7ekle\u015ftirilen 1000\u2018den fazla konser, tiyatro, festival, road show, lansman\u00a0 ve organizasyonu ger\u00e7ekle\u015ftiren ekibimiz, Glow Medya markas\u0131 ile \u00e7\u00f6z\u00fcm orta\u011f\u0131n\u0131z oluyor. Kurumsal etkinliklerden k\u00fclt\u00fcr ve sanat etkinliklerine, belediye festivallerinden gen\u00e7lik festivallerine kadar uzanan yelpazede hayat\u0131n\u0131za de\u011fer&hellip;<\/p>\n","protected":false},"author":1,"featured_media":0,"parent":0,"menu_order":20,"comment_status":"closed","ping_status":"closed","template":"","meta":{"_mi_skip_tracking":false},"_links":{"self":[{"href":"https:\/\/glowmedya.com\/tr\/wp-json\/wp\/v2\/pages\/46336"}],"collection":[{"href":"https:\/\/glowmedya.com\/tr\/wp-json\/wp\/v2\/pages"}],"about":[{"href":"https:\/\/glowmedya.com\/tr\/wp-json\/wp\/v2\/types\/page"}],"author":[{"embeddable":true,"href":"https:\/\/glowmedya.com\/tr\/wp-json\/wp\/v2\/users\/1"}],"replies":[{"embeddable":true,"href":"https:\/\/glowmedya.com\/tr\/wp-json\/wp\/v2\/comments?post=46336"}],"version-history":[{"count":71,"href":"https:\/\/glowmedya.com\/tr\/wp-json\/wp\/v2\/pages\/46336\/revisions"}],"predecessor-version":[{"id":53327,"href":"https:\/\/glowmedya.com\/tr\/wp-json\/wp\/v2\/pages\/46336\/revisions\/53327"}],"wp:attachment":[{"href":"https:\/\/glowmedya.com\/tr\/wp-json\/wp\/v2\/media?parent=46336"}],"curies":[{"name":"wp","href":"https:\/\/api.w.org\/{rel}","templated":true}]}}