{"id":45469,"date":"2016-10-09T08:11:09","date_gmt":"2016-10-09T08:11:09","guid":{"rendered":"http:\/\/the7.io\/main\/?page_id=45469"},"modified":"2021-05-07T11:02:57","modified_gmt":"2021-05-07T08:02:57","slug":"organizasyon-hizmetlerimiz","status":"publish","type":"page","link":"https:\/\/glowmedya.com\/tr\/organizasyon-hizmetlerimiz\/","title":{"rendered":"H\u0130ZMETLER\u0130M\u0130Z"},"content":{"rendered":"<p>[vc_row][vc_column][vc_column_text]Organizasyon i\u015fi, tak\u0131m i\u015fidir.<\/p>\n<p><strong>Glow Medya<\/strong> deneyimi ve tecr\u00fcbesi ile sizin i\u00e7in en iyisini tasarlay\u0131p, t\u00fcm ayr\u0131nt\u0131lar\u0131 planlay\u0131p, unutulmaz bir deneyim i\u00e7in, farkl\u0131 konsept ve uygulamalar ile hizmetinizde.<\/p>\n<p>\u0130htiyac\u0131n\u0131z\u0131 daha iyi tespit edebilmek ve detayl\u0131 bilgi almak i\u00e7in bize ula\u015f\u0131n&#8230;[\/vc_column_text][\/vc_column][\/vc_row][vc_row bg_type=&#8221;image&#8221; bg_override=&#8221;ex-full&#8221;][vc_column css_animation=&#8221;fadeInRight&#8221;]<div id=\"ultimate-heading-333269e51216e3828\" class=\"uvc-heading ult-adjust-bottom-margin ultimate-heading-333269e51216e3828 uvc-139 \" data-hspacer=\"icon_only\"  data-halign=\"left\" style=\"text-align:left\"><div class=\"uvc-heading-spacer icon_only\" style=\"top\"><div class=\"ult-just-icon-wrapper  \"><div class=\"align-icon\" style=\"text-align:left;\">\n<div class=\"aio-icon square \"  style=\"color:#ffffff;background:#a41014;font-size:32px;\">\n\t<i class=\"Defaults-group users\"><\/i>\n<\/div><\/div><\/div><\/div><div class=\"uvc-main-heading ult-responsive\"  data-ultimate-target='.uvc-heading.ultimate-heading-333269e51216e3828 h2'  data-responsive-json-new='{\"font-size\":\"desktop:32px;\",\"line-height\":\"\"}' ><h2 style=\"font-weight:normal;\">NELER YAPIYORUZ?<\/h2><\/div><\/div>[vc_empty_space height=&#8221;28px&#8221;][vc_row_inner][vc_column_inner width=&#8221;1\/3&#8243;]<div class=\"standard-arrow list-divider\"><ul>\n<li>Belediye Festivalleri, Gen\u00e7lik Festivalleri<\/li>\n<li>Kongre &amp; Sempozyum<\/li>\n<li>E\u011fitim Seminerleri<\/li>\n<li>Tiyatro Organizasyon<\/li>\n<li>Bahar \u015eenli\u011fi Organizasyonu<\/li>\n<li>A\u00e7\u0131l\u0131\u015f Organizasyonu<\/li>\n<li>\u0130\u00e7 \u0130leti\u015fim Etkinlikleri<\/li>\n<li>\u00dcr\u00fcn Tan\u0131t\u0131mlar\u0131<\/li>\n<li>Lansman<\/li>\n<\/ul>\n<\/div>[\/vc_column_inner][vc_column_inner width=&#8221;1\/3&#8243;]<div class=\"standard-arrow list-divider\"><ul>\n<li>Kurumsal Toplant\u0131lar ve Etkinlikler<\/li>\n<li>Pazarlama Aktiviteleri<\/li>\n<li>Konser Organizasyon<\/li>\n<li>Roadshow Organizasyonlar<\/li>\n<li>Workshop Organizasyonlar<\/li>\n<li>Fuar Organizasyonlar\u0131<\/li>\n<li>Al\u0131\u015fveri\u015f Merkezi Etkinlikleri<\/li>\n<\/ul>\n<\/div>[\/vc_column_inner][vc_column_inner width=&#8221;1\/3&#8243;]<div class=\"standard-arrow list-divider\"><ul>\n<li>Logo, Kartvizit, Antetli<\/li>\n<li>Kurumsal Kimlik<\/li>\n<li>Marka Dan\u0131\u015fmanl\u0131\u011f\u0131<\/li>\n<li>Afi\u015f, Bro\u015f\u00fcr, Dergi, Katalog<\/li>\n<li>\u00dcr\u00fcn ve Katalog Foto\u011fraf \u00c7ekimleri<\/li>\n<li>Web Tasar\u0131m\u0131 ve Yaz\u0131l\u0131m\u0131<\/li>\n<li>Prod\u00fcksiyon ve Tan\u0131t\u0131m Filmi<\/li>\n<li>Sosyal Medya Y\u00f6netimi ve SEO<\/li>\n<li>Mobil Uygulama ve Yaz\u0131l\u0131m<\/li>\n<\/ul>\n<\/div>[\/vc_column_inner][\/vc_row_inner][\/vc_column][\/vc_row][vc_row type=&#8221;vc_default&#8221; full_width_row=&#8221;true&#8221; bg_type=&#8221;image&#8221; parallax_style=&#8221;vcpb-vz-jquery&#8221; bg_image_new=&#8221;id^53086|url^http:\/\/glowmedya.com\/wp-content\/uploads\/2016\/10\/banner-band-wide.jpg|caption^null|alt^null|title^banner-band-wide|description^null&#8221; bg_image_repeat=&#8221;no-repeat&#8221; bg_override=&#8221;full&#8221; disable_on_mobile_img_parallax=&#8221;disable_on_mobile_img_parallax_value&#8221; enable_overlay=&#8221;enable_overlay_value&#8221; overlay_pattern=&#8221;01.png&#8221;][vc_column]<div id=\"ultimate-heading-147769e51216e4740\" class=\"uvc-heading ult-adjust-bottom-margin ultimate-heading-147769e51216e4740 uvc-4008 \" data-hspacer=\"icon_only\"  data-halign=\"left\" style=\"text-align:left\"><div class=\"uvc-heading-spacer icon_only\" style=\"top\"><div class=\"ult-just-icon-wrapper  \"><div class=\"align-icon\" style=\"text-align:left;\">\n<div class=\"aio-icon square \"  style=\"color:#ffffff;font-size:32px;\">\n\t<i class=\"Defaults-music\"><\/i>\n<\/div><\/div><\/div><\/div><div class=\"uvc-main-heading ult-responsive\"  data-ultimate-target='.uvc-heading.ultimate-heading-147769e51216e4740 h2'  data-responsive-json-new='{\"font-size\":\"desktop:32px;\",\"line-height\":\"\"}' ><h2 style=\"font-weight:normal;color:#ffffff;\">Konser, Festival Organizasyon Hizmetleri<\/h2><\/div><\/div>[vc_column_text]<span style=\"color: #ffffff;\"><strong>Do\u011fru bir ekip taraf\u0131ndan do\u011fru planlanm\u0131\u015f konserler..<\/strong><\/span><\/p>\n<p><span style=\"color: #ffffff;\">\u0130nsanlar\u0131n e\u011flendi\u011fi, heyecan\u0131n ve m\u00fczi\u011fin zirve yapt\u0131\u011f\u0131 bir konser istemez misiniz?<\/span><\/p>\n<p><span style=\"color: #ffffff;\">Yerel festivaller, konserler ya da herhangi bir tema ile d\u00fczenlenen \u015fenliklerde g\u00fc\u00e7l\u00fc bir organizasyon ve ekip \u00e7al\u0131\u015fmas\u0131 ile ak\u0131llarda kal\u0131c\u0131 etkinlikler olu\u015fturulmaktad\u0131r.<\/span><\/p>\n<p><span style=\"color: #ffffff;\">\u0130htiyac\u0131n\u0131z\u0131 daha iyi tespit edebilmek ad\u0131na detayl\u0131 bilgi almak i\u00e7in bizlere ula\u015fman\u0131z\u0131 rica ediyoruz.<\/span>[\/vc_column_text][\/vc_column][\/vc_row][vc_row][vc_column width=&#8221;1\/2&#8243;]<div id=\"ultimate-heading-34169e51216e47f4\" class=\"uvc-heading ult-adjust-bottom-margin ultimate-heading-34169e51216e47f4 uvc-2245 \" data-hspacer=\"no_spacer\"  data-halign=\"left\" style=\"text-align:left\"><div class=\"uvc-heading-spacer no_spacer\" style=\"top\"><\/div><div class=\"uvc-main-heading ult-responsive\"  data-ultimate-target='.uvc-heading.ultimate-heading-34169e51216e47f4 h2'  data-responsive-json-new='{\"font-size\":\"desktop:22px;\",\"line-height\":\"desktop:32px;\"}' ><h2 style=\"font-weight:bold;margin-top:50px;margin-bottom:30px;\">Kongre Organizasyon Hizmetleri<\/h2><\/div><\/div>[vc_column_text]Kongre ve toplant\u0131lar, yerinde \u00a0zaman\u0131nda ve kurallar\u0131na g\u00f6re yap\u0131l\u0131rsa \u00a0i\u015f hayat\u0131m\u0131z\u0131n vazge\u00e7ilmez bir par\u00e7as\u0131d\u0131r.<\/p>\n<p>Kat\u0131lanlara birbirilerini daha iyi tan\u0131ma f\u0131rsat\u0131n\u0131 sunar. \u0130yi toplant\u0131lar firmada birliktelik duygusunu g\u00fc\u00e7lendirir,\u015firket k\u00fclt\u00fcr\u00fcn\u00fcn yeniden \u00fcretilmesini sa\u011flar.<\/p>\n<p>Kat\u0131lanlar\u0131n olaya farkl\u0131 a\u00e7\u0131lardan\u00a0yakla\u015f\u0131mlar\u0131 ve de\u011fi\u015fik \u00f6nerileri, en iyi ve yarat\u0131c\u0131 \u00e7\u00f6z\u00fcm\u00fcn\u00a0bulunmas\u0131n\u0131 kolayla\u015ft\u0131r\u0131r.[\/vc_column_text][\/vc_column][vc_column width=&#8221;1\/2&#8243;][vc_single_image image=&#8221;53134&#8243; img_size=&#8221;400&#215;358&#8243;][\/vc_column][\/vc_row][vc_row type=&#8221;1&#8243;][vc_column width=&#8221;1\/4&#8243;][vc_single_image image=&#8221;53137&#8243; img_size=&#8221;400&#215;337&#8243; alignment=&#8221;right&#8221; css=&#8221;.vc_custom_1514111524090{margin-top: 30px !important;}&#8221;][\/vc_column][vc_column width=&#8221;3\/4&#8243;]<div id=\"ultimate-heading-282569e51216e482e\" class=\"uvc-heading ult-adjust-bottom-margin ultimate-heading-282569e51216e482e uvc-8415 \" data-hspacer=\"no_spacer\"  data-halign=\"left\" style=\"text-align:left\"><div class=\"uvc-heading-spacer no_spacer\" style=\"top\"><\/div><div class=\"uvc-main-heading ult-responsive\"  data-ultimate-target='.uvc-heading.ultimate-heading-282569e51216e482e h2'  data-responsive-json-new='{\"font-size\":\"desktop:22px;\",\"line-height\":\"desktop:32px;\"}' ><h2 style=\"font-weight:bold;margin-top:50px;margin-bottom:30px;\">Tiyatro Organizasyon Hizmetleri<\/h2><\/div><\/div>[vc_column_text]K\u00fclt\u00fcrel etkinliklerimiz aras\u0131nda yer alan tiyatrolar her ya\u015ftan vatanda\u015f\u0131m\u0131z\u0131n be\u011fenisini kazanabilecek oyunlar ile insanlar\u0131n k\u00fclt\u00fcrel zenginli\u011fe kavu\u015fmas\u0131n\u0131 sa\u011flamaktad\u0131rlar. Tiyatro etkinlikleri ile ilgili olarak art\u0131k sizler de diledi\u011finiz gibi kendi \u015fehrinizde, il\u00e7enizde veya y\u00f6renizde tiyatro oyunlar\u0131n\u0131 sergiletebilirsiniz.<\/p>\n<p>Bunun i\u00e7in organizasyon firmas\u0131 olarak k\u00fclt\u00fcrel miraslar\u0131m\u0131z aras\u0131nda yer alan tiyatro etkinliklerini d\u00fczenlemekteyiz.[\/vc_column_text][\/vc_column][\/vc_row][vc_row margin_top=&#8221;50px&#8221;][vc_column width=&#8221;1\/2&#8243;]<div id=\"ultimate-heading-940669e51216e485e\" class=\"uvc-heading ult-adjust-bottom-margin ultimate-heading-940669e51216e485e uvc-577 \" data-hspacer=\"no_spacer\"  data-halign=\"left\" style=\"text-align:left\"><div class=\"uvc-heading-spacer no_spacer\" style=\"top\"><\/div><div class=\"uvc-main-heading ult-responsive\"  data-ultimate-target='.uvc-heading.ultimate-heading-940669e51216e485e h2'  data-responsive-json-new='{\"font-size\":\"desktop:22px;\",\"line-height\":\"desktop:32px;\"}' ><h2 style=\"font-weight:bold;margin-bottom:30px;\">Kurumsal Toplant\u0131 ve Organizasyon Hizmetleri<\/h2><\/div><\/div>[vc_column_text]Toplant\u0131n\u0131n amac\u0131, verilmek istenen mesaj, yarat\u0131lmak istenen ortam, kat\u0131l\u0131mc\u0131lar \u00fczerindeki etki beklentisi ve al\u0131nacak sonu\u00e7 \u00f6nemlidir.<\/p>\n<p>Hedeflenen sonuca ula\u015fmak i\u00e7in gerekli bilgi birikimi, deneyim ve iyi bir ekip ile <strong>Glow Medya<\/strong> olarak bizler haz\u0131r\u0131z.<\/p>\n<p>[\/vc_column_text][\/vc_column][vc_column width=&#8221;1\/2&#8243;]<div id=\"ultimate-heading-816769e51216e488b\" class=\"uvc-heading ult-adjust-bottom-margin ultimate-heading-816769e51216e488b uvc-2340 \" data-hspacer=\"no_spacer\"  data-halign=\"left\" style=\"text-align:left\"><div class=\"uvc-heading-spacer no_spacer\" style=\"top\"><\/div><div class=\"uvc-main-heading ult-responsive\"  data-ultimate-target='.uvc-heading.ultimate-heading-816769e51216e488b h2'  data-responsive-json-new='{\"font-size\":\"desktop:22px;\",\"line-height\":\"desktop:32px;\"}' ><h2 style=\"font-weight:bold;margin-bottom:30px;\">Roadshow Etkinlikleri<\/h2><\/div><\/div>[vc_column_text]Roadshow; marka, \u00fcr\u00fcn ve hizmetlerinizin tan\u0131t\u0131m\u0131 i\u00e7in t\u00fcketici ile y\u00fcz y\u00fcze etkile\u015fimi sa\u011flayan , \u015fehiri\u00e7i, \u015fehird\u0131\u015f\u0131 yap\u0131lan yol etkinlikleridir. Etkin ve ak\u0131lda kal\u0131c\u0131d\u0131r.<\/p>\n<p>Bu t\u00fcr etkinliklerde mobil sahne, \u00f6zel tasar\u0131m ara\u00e7lar, host ve hostesler ile size \u00f6zel projeler geli\u015ftirilmesi en do\u011fru yakla\u015f\u0131m olur.[\/vc_column_text][\/vc_column][\/vc_row]<\/p>\n","protected":false},"excerpt":{"rendered":"<p>[vc_row][vc_column][vc_column_text]Organizasyon i\u015fi, tak\u0131m i\u015fidir. Glow Medya deneyimi ve tecr\u00fcbesi ile sizin i\u00e7in en iyisini tasarlay\u0131p, t\u00fcm ayr\u0131nt\u0131lar\u0131 planlay\u0131p, unutulmaz bir deneyim i\u00e7in, farkl\u0131 konsept ve uygulamalar ile hizmetinizde. \u0130htiyac\u0131n\u0131z\u0131 daha iyi tespit edebilmek ve detayl\u0131 bilgi almak i\u00e7in bize ula\u015f\u0131n&#8230;[\/vc_column_text][\/vc_column][\/vc_row][vc_row bg_type=&#8221;image&#8221; bg_override=&#8221;ex-full&#8221;][vc_column css_animation=&#8221;fadeInRight&#8221;][vc_empty_space height=&#8221;28px&#8221;][vc_row_inner][vc_column_inner width=&#8221;1\/3&#8243;][\/vc_column_inner][vc_column_inner width=&#8221;1\/3&#8243;][\/vc_column_inner][vc_column_inner width=&#8221;1\/3&#8243;][\/vc_column_inner][\/vc_row_inner][\/vc_column][\/vc_row][vc_row type=&#8221;vc_default&#8221; full_width_row=&#8221;true&#8221; bg_type=&#8221;image&#8221; parallax_style=&#8221;vcpb-vz-jquery&#8221; bg_image_new=&#8221;id^53086|url^http:\/\/glowmedya.com\/wp-content\/uploads\/2016\/10\/banner-band-wide.jpg|caption^null|alt^null|title^banner-band-wide|description^null&#8221; bg_image_repeat=&#8221;no-repeat&#8221; bg_override=&#8221;full&#8221; disable_on_mobile_img_parallax=&#8221;disable_on_mobile_img_parallax_value&#8221;&hellip;<\/p>\n","protected":false},"author":1,"featured_media":0,"parent":0,"menu_order":0,"comment_status":"closed","ping_status":"closed","template":"","meta":{"_mi_skip_tracking":false},"_links":{"self":[{"href":"https:\/\/glowmedya.com\/tr\/wp-json\/wp\/v2\/pages\/45469"}],"collection":[{"href":"https:\/\/glowmedya.com\/tr\/wp-json\/wp\/v2\/pages"}],"about":[{"href":"https:\/\/glowmedya.com\/tr\/wp-json\/wp\/v2\/types\/page"}],"author":[{"embeddable":true,"href":"https:\/\/glowmedya.com\/tr\/wp-json\/wp\/v2\/users\/1"}],"replies":[{"embeddable":true,"href":"https:\/\/glowmedya.com\/tr\/wp-json\/wp\/v2\/comments?post=45469"}],"version-history":[{"count":41,"href":"https:\/\/glowmedya.com\/tr\/wp-json\/wp\/v2\/pages\/45469\/revisions"}],"predecessor-version":[{"id":52765,"href":"https:\/\/glowmedya.com\/tr\/wp-json\/wp\/v2\/pages\/45469\/revisions\/52765"}],"wp:attachment":[{"href":"https:\/\/glowmedya.com\/tr\/wp-json\/wp\/v2\/media?parent=45469"}],"curies":[{"name":"wp","href":"https:\/\/api.w.org\/{rel}","templated":true}]}}