{"id":45116,"date":"2017-10-08T09:48:39","date_gmt":"2017-10-08T06:48:39","guid":{"rendered":"http:\/\/the7.io\/main\/?page_id=45116"},"modified":"2021-05-07T11:16:03","modified_gmt":"2021-05-07T08:16:03","slug":"iletisim","status":"publish","type":"page","link":"https:\/\/glowmedya.com\/tr\/iletisim\/","title":{"rendered":"\u0130LET\u0130\u015e\u0130M"},"content":{"rendered":"<p>[vc_row margin_top=&#8221;100px&#8221;][vc_column width=&#8221;1\/2&#8243;]<div id=\"ultimate-heading-251869e4b3ab1477c\" class=\"uvc-heading ult-adjust-bottom-margin ultimate-heading-251869e4b3ab1477c uvc-415 \" data-hspacer=\"line_only\"  data-halign=\"left\" style=\"text-align:left\"><div class=\"uvc-main-heading ult-responsive\"  data-ultimate-target='.uvc-heading.ultimate-heading-251869e4b3ab1477c h2'  data-responsive-json-new='{\"font-size\":\"desktop:20px;\",\"line-height\":\"\"}' ><h2 style=\"font-family:&#039;Roboto Condensed&#039;;font-weight:300;color:#333333;\">\u0130LET\u0130\u015e\u0130M B\u0130LG\u0130LER\u0130<\/h2><\/div><div class=\"uvc-heading-spacer line_only\" style=\"margin-top:10px;margin-bottom:20px;height:1px;\"><span class=\"uvc-headings-line\" style=\"border-style:solid;border-bottom-width:1px;border-color:#a41014;width:70px;\"><\/span><\/div><\/div>[vc_column_text css=&#8221;.vc_custom_1620335558151{margin-bottom: 0px !important;padding-bottom: 20px !important;}&#8221;]Etkinlikler ve hizmetlerimiz hakk\u0131nda bilgi almak ve bilet sat\u0131n almak i\u00e7in ileti\u015fim bilgilerimizden bize ula\u015fabilir, ayr\u0131ca \u0130leti\u015fim Formu arac\u0131l\u0131\u011f\u0131 ile 7\/24 bize yazabilirsiniz.<\/p>\n<p>Mesai saatlerimiz i\u00e7erisinde tan\u0131\u015fmak ve bir fincan kahvemizi i\u00e7mek i\u00e7in ofisimizi ziyaret edebilirsiniz.[\/vc_column_text][vc_row_inner][vc_column_inner]<div class=\"aio-icon-component  vc_custom_1514078592430   style_2\"><div id=\"Info-box-wrap-1484\" class=\"aio-icon-box left-icon\" style=\"\"  ><div class=\"aio-icon-left\"><div class=\"ult-just-icon-wrapper  \"><div class=\"align-icon\" style=\"text-align:center;\">\n<div class=\"aio-icon none \"  style=\"color:#a41014;font-size:20px;display:inline-block;\">\n\t<i class=\"Defaults-map-marker\"><\/i>\n<\/div><\/div><\/div><\/div><div class=\"aio-ibd-block\"><div class=\"aio-icon-header\" ><h3 class=\"aio-icon-title ult-responsive\"  data-ultimate-target='#Info-box-wrap-1484 .aio-icon-title'  data-responsive-json-new='{\"font-size\":\"desktop:14px;\",\"line-height\":\"\"}'  style=\"font-family:&#039;Roboto Condensed&#039;;font-weight:300;\">Altay\u00e7e\u015fme Mh. K\u0131nal\u0131 Sk. 5\/8 Maltepe \u0130stanbul<\/h3><\/div> <!-- header --><\/div> <!-- aio-ibd-block --><\/div> <!-- aio-icon-box --><\/div> <!-- aio-icon-component --><div class=\"aio-icon-component  vc_custom_1514078609449   style_2\"><div id=\"Info-box-wrap-2748\" class=\"aio-icon-box left-icon\" style=\"\"  ><div class=\"aio-icon-left\"><div class=\"ult-just-icon-wrapper  \"><div class=\"align-icon\" style=\"text-align:center;\">\n<div class=\"aio-icon none \"  style=\"color:#a41014;font-size:20px;display:inline-block;\">\n\t<i class=\"Defaults-mobile mobile-phone\"><\/i>\n<\/div><\/div><\/div><\/div><div class=\"aio-ibd-block\"><div class=\"aio-icon-header\" ><h3 class=\"aio-icon-title ult-responsive\"  data-ultimate-target='#Info-box-wrap-2748 .aio-icon-title'  data-responsive-json-new='{\"font-size\":\"desktop:14px;\",\"line-height\":\"\"}'  style=\"font-family:&#039;Roboto Condensed&#039;;font-weight:300;\">0544 394 09 08<\/h3><\/div> <!-- header --><\/div> <!-- aio-ibd-block --><\/div> <!-- aio-icon-box --><\/div> <!-- aio-icon-component --><div class=\"aio-icon-component  vc_custom_1514078635066   style_2\"><div id=\"Info-box-wrap-2372\" class=\"aio-icon-box left-icon\" style=\"\"  ><div class=\"aio-icon-left\"><div class=\"ult-just-icon-wrapper  \"><div class=\"align-icon\" style=\"text-align:center;\">\n<div class=\"aio-icon none \"  style=\"color:#a41014;font-size:20px;display:inline-block;\">\n\t<i class=\"Defaults-envelope-o\"><\/i>\n<\/div><\/div><\/div><\/div><div class=\"aio-ibd-block\"><div class=\"aio-icon-header\" ><h3 class=\"aio-icon-title ult-responsive\"  data-ultimate-target='#Info-box-wrap-2372 .aio-icon-title'  data-responsive-json-new='{\"font-size\":\"desktop:14px;\",\"line-height\":\"\"}'  style=\"font-family:&#039;Roboto Condensed&#039;;font-weight:300;\">info@glowmedya.com<\/h3><\/div> <!-- header --><\/div> <!-- aio-ibd-block --><\/div> <!-- aio-icon-box --><\/div> <!-- aio-icon-component --><div class=\"aio-icon-component  vc_custom_1514078624788   style_2\"><div id=\"Info-box-wrap-6218\" class=\"aio-icon-box left-icon\" style=\"\"  ><div class=\"aio-icon-left\"><div class=\"ult-just-icon-wrapper  \"><div class=\"align-icon\" style=\"text-align:center;\">\n<div class=\"aio-icon none \"  style=\"color:#a41014;font-size:20px;display:inline-block;\">\n\t<i class=\"Defaults-clock-o\"><\/i>\n<\/div><\/div><\/div><\/div><div class=\"aio-ibd-block\"><div class=\"aio-icon-header\" ><h3 class=\"aio-icon-title ult-responsive\"  data-ultimate-target='#Info-box-wrap-6218 .aio-icon-title'  data-responsive-json-new='{\"font-size\":\"desktop:14px;\",\"line-height\":\"\"}'  style=\"font-family:&#039;Roboto Condensed&#039;;font-weight:300;\">Pazartesi - Pazar: 09:00 - 19:00<\/h3><\/div> <!-- header --><\/div> <!-- aio-ibd-block --><\/div> <!-- aio-icon-box --><\/div> <!-- aio-icon-component --><div id=\"ultimate-heading-295069e4b3ab14e10\" class=\"uvc-heading ult-adjust-bottom-margin ultimate-heading-295069e4b3ab14e10 uvc-7776 \" data-hspacer=\"line_only\"  data-halign=\"left\" style=\"text-align:left\"><div class=\"uvc-main-heading ult-responsive\"  data-ultimate-target='.uvc-heading.ultimate-heading-295069e4b3ab14e10 h2'  data-responsive-json-new='{\"font-size\":\"desktop:20px;\",\"line-height\":\"\"}' ><h2 style=\"font-family:&#039;Roboto Condensed&#039;;font-weight:300;color:#333333;margin-top:30px;\">SOSYAL MEDYA<\/h2><\/div><div class=\"uvc-heading-spacer line_only\" style=\"margin-top:10px;margin-bottom:20px;height:1px;\"><span class=\"uvc-headings-line\" style=\"border-style:solid;border-bottom-width:1px;border-color:#a41014;width:70px;\"><\/span><\/div><\/div>[\/vc_column_inner][\/vc_row_inner][vc_column_text]<div class=\"soc-ico animation-builder\"><a title=\"Facebook\" href=\"https:\/\/www.facebook.com\/glowmedya\" target=\"_blank\" class=\"fadeInRight animate-element facebook\"><span class=\"soc-font-icon\"><\/span><span class=\"screen-reader-text\">Facebook<\/span><\/a><a title=\"Twitter\" href=\"https:\/\/twitter.com\/glowmedya\" target=\"_blank\" class=\"fadeInRight animate-element twitter\"><span class=\"soc-font-icon\"><\/span><span class=\"screen-reader-text\">Twitter<\/span><\/a><a title=\"Google+\" href=\"\" target=\"_blank\" class=\"fadeInRight animate-element google\"><span class=\"soc-font-icon\"><\/span><span class=\"screen-reader-text\">Google+<\/span><\/a><a title=\"Linkedin\" href=\"https:\/\/www.linkedin.com\/in\/glowmedya\" target=\"_blank\" class=\"fadeInRight animate-element linkedin\"><span class=\"soc-font-icon\"><\/span><span class=\"screen-reader-text\">Linkedin<\/span><\/a><\/div>[\/vc_column_text]<div id=\"ultimate-heading-523469e4b3ab1505c\" class=\"uvc-heading ult-adjust-bottom-margin ultimate-heading-523469e4b3ab1505c uvc-1972 \" data-hspacer=\"line_only\"  data-halign=\"left\" style=\"text-align:left\"><div class=\"uvc-main-heading ult-responsive\"  data-ultimate-target='.uvc-heading.ultimate-heading-523469e4b3ab1505c h2'  data-responsive-json-new='{\"font-size\":\"desktop:20px;\",\"line-height\":\"\"}' ><h2 style=\"font-family:&#039;Roboto Condensed&#039;;font-weight:300;color:#333333;margin-top:30px;\">KONUM B\u0130LG\u0130S\u0130<\/h2><\/div><div class=\"uvc-heading-spacer line_only\" style=\"margin-top:10px;margin-bottom:20px;height:1px;\"><span class=\"uvc-headings-line\" style=\"border-style:solid;border-bottom-width:1px;border-color:#a41014;width:70px;\"><\/span><\/div><\/div>[vc_gmaps link=&#8221;#E-8_JTNDaWZyYW1lJTIwc3JjJTNEJTIyaHR0cHMlM0ElMkYlMkZ3d3cuZ29vZ2xlLmNvbSUyRm1hcHMlMkZlbWJlZCUzRnBiJTNEJTIxMW0xOCUyMTFtMTIlMjExbTMlMjExZDMwMTQuNDY5MjY3ODMxNTc4NyUyMTJkMjkuMTI5MTA3ODE0ODMxMzkzJTIxM2Q0MC45MjczODE0MzIzNDg4NzQlMjEybTMlMjExZjAlMjEyZjAlMjEzZjAlMjEzbTIlMjExaTEwMjQlMjEyaTc2OCUyMTRmMTMuMSUyMTNtMyUyMTFtMiUyMTFzMHgxNGNhYzZhNDRmNjM0YjlkJTI1M0EweDJlM2UyZWE5NjhlMTJhOTYlMjEyelFXeDBZWG5EcDJYRm4yMWxJRTFoYUdGc2JHVnphU3dnUzhTeGJtRnN4TEVnVTJzdUlFNXZPalVzSURNME9EUXpJRTFoYkhSbGNHVXZ4TEJ6ZEdGdVluVnMlMjE1ZTAlMjEzbTIlMjExc3RyJTIxMnN0ciUyMTR2MTUxMzM0MjM3NTM5MSUyMiUyMHdpZHRoJTNEJTIyNjAwJTIyJTIwaGVpZ2h0JTNEJTIyMTc1JTIyJTIwZnJhbWVib3JkZXIlM0QlMjIwJTIyJTIwc3R5bGUlM0QlMjJib3JkZXIlM0ElMjAwcHglM0IlMjBwb2ludGVyLWV2ZW50cyUzQSUyMG5vbmUlM0IlMjIlMjBhbGxvd2Z1bGxzY3JlZW4lM0QlMjIlMjIlM0UlM0MlMkZpZnJhbWUlM0U=&#8221;][\/vc_column][vc_column width=&#8221;1\/2&#8243;]<div id=\"ultimate-heading-495269e4b3ab15096\" class=\"uvc-heading ult-adjust-bottom-margin ultimate-heading-495269e4b3ab15096 uvc-9660 \" data-hspacer=\"line_only\"  data-halign=\"left\" style=\"text-align:left\"><div class=\"uvc-main-heading ult-responsive\"  data-ultimate-target='.uvc-heading.ultimate-heading-495269e4b3ab15096 h2'  data-responsive-json-new='{\"font-size\":\"desktop:20px;\",\"line-height\":\"\"}' ><h2 style=\"font-family:&#039;Roboto Condensed&#039;;font-weight:300;color:#333333;\">\u0130LET\u0130\u015e\u0130M FORMU<\/h2><\/div><div class=\"uvc-heading-spacer line_only\" style=\"margin-top:10px;margin-bottom:20px;height:1px;\"><span class=\"uvc-headings-line\" style=\"border-style:solid;border-bottom-width:1px;border-color:#a41014;width:70px;\"><\/span><\/div><\/div><form class=\"contact-form dt-form\" action=\"\/\" method=\"post\">\n<input type=\"hidden\" name=\"widget_id\" value=\"presscore-contact-form-widget--1\" \/><input type=\"hidden\" name=\"send_message\" value=\"\" \/><div class=\"form-fields\"><span class=\"form-name\"><label class=\"assistive-text\">Name *<\/label><input type=\"text\" class=\"validate[required]\" placeholder=\"Name *\" name=\"name\" value=\"\" aria-required=\"true\">\n<\/span><span class=\"form-mail\"><label class=\"assistive-text\">E-mail *<\/label><input type=\"text\" class=\"validate[required,custom[email]]\" placeholder=\"E-mail *\" name=\"email\" value=\"\" aria-required=\"true\">\n<\/span><span class=\"form-telephone\"><label class=\"assistive-text\">Telephone *<\/label><input type=\"text\" class=\"validate[required,custom[phone]]\" placeholder=\"Telephone *\" name=\"telephone\" value=\"\" aria-required=\"true\">\n<\/span><\/div><span class=\"form-message\"><label class=\"assistive-text\">Message *<\/label><textarea class=\"validate[required]\" placeholder=\"Message *\" name=\"message\" rows=\"6\" aria-required=\"true\"><\/textarea>\n<\/span><p><a href=\"#\" class=\"dt-btn dt-btn-m dt-btn-submit\" rel=\"nofollow\"><span>G\u00d6NDER<\/span><\/a><input class=\"assistive-text\" type=\"submit\" value=\"submit\"><\/p><\/form>\n[\/vc_column][\/vc_row]<\/p>\n","protected":false},"excerpt":{"rendered":"<p>[vc_row margin_top=&#8221;100px&#8221;][vc_column width=&#8221;1\/2&#8243;][vc_column_text css=&#8221;.vc_custom_1620335558151{margin-bottom: 0px !important;padding-bottom: 20px !important;}&#8221;]Etkinlikler ve hizmetlerimiz hakk\u0131nda bilgi almak ve bilet sat\u0131n almak i\u00e7in ileti\u015fim bilgilerimizden bize ula\u015fabilir, ayr\u0131ca \u0130leti\u015fim Formu arac\u0131l\u0131\u011f\u0131 ile 7\/24 bize yazabilirsiniz. Mesai saatlerimiz i\u00e7erisinde tan\u0131\u015fmak ve bir fincan kahvemizi i\u00e7mek i\u00e7in ofisimizi ziyaret edebilirsiniz.[\/vc_column_text][vc_row_inner][vc_column_inner][\/vc_column_inner][\/vc_row_inner][vc_column_text][\/vc_column_text][vc_gmaps link=&#8221;#E-8_JTNDaWZyYW1lJTIwc3JjJTNEJTIyaHR0cHMlM0ElMkYlMkZ3d3cuZ29vZ2xlLmNvbSUyRm1hcHMlMkZlbWJlZCUzRnBiJTNEJTIxMW0xOCUyMTFtMTIlMjExbTMlMjExZDMwMTQuNDY5MjY3ODMxNTc4NyUyMTJkMjkuMTI5MTA3ODE0ODMxMzkzJTIxM2Q0MC45MjczODE0MzIzNDg4NzQlMjEybTMlMjExZjAlMjEyZjAlMjEzZjAlMjEzbTIlMjExaTEwMjQlMjEyaTc2OCUyMTRmMTMuMSUyMTNtMyUyMTFtMiUyMTFzMHgxNGNhYzZhNDRmNjM0YjlkJTI1M0EweDJlM2UyZWE5NjhlMTJhOTYlMjEyelFXeDBZWG5EcDJYRm4yMWxJRTFoYUdGc2JHVnphU3dnUzhTeGJtRnN4TEVnVTJzdUlFNXZPalVzSURNME9EUXpJRTFoYkhSbGNHVXZ4TEJ6ZEdGdVluVnMlMjE1ZTAlMjEzbTIlMjExc3RyJTIxMnN0ciUyMTR2MTUxMzM0MjM3NTM5MSUyMiUyMHdpZHRoJTNEJTIyNjAwJTIyJTIwaGVpZ2h0JTNEJTIyMTc1JTIyJTIwZnJhbWVib3JkZXIlM0QlMjIwJTIyJTIwc3R5bGUlM0QlMjJib3JkZXIlM0ElMjAwcHglM0IlMjBwb2ludGVyLWV2ZW50cyUzQSUyMG5vbmUlM0IlMjIlMjBhbGxvd2Z1bGxzY3JlZW4lM0QlMjIlMjIlM0UlM0MlMkZpZnJhbWUlM0U=&#8221;][\/vc_column][vc_column width=&#8221;1\/2&#8243;][\/vc_column][\/vc_row]<\/p>\n","protected":false},"author":1,"featured_media":0,"parent":0,"menu_order":10,"comment_status":"closed","ping_status":"closed","template":"","meta":{"_mi_skip_tracking":false},"_links":{"self":[{"href":"https:\/\/glowmedya.com\/tr\/wp-json\/wp\/v2\/pages\/45116"}],"collection":[{"href":"https:\/\/glowmedya.com\/tr\/wp-json\/wp\/v2\/pages"}],"about":[{"href":"https:\/\/glowmedya.com\/tr\/wp-json\/wp\/v2\/types\/page"}],"author":[{"embeddable":true,"href":"https:\/\/glowmedya.com\/tr\/wp-json\/wp\/v2\/users\/1"}],"replies":[{"embeddable":true,"href":"https:\/\/glowmedya.com\/tr\/wp-json\/wp\/v2\/comments?post=45116"}],"version-history":[{"count":12,"href":"https:\/\/glowmedya.com\/tr\/wp-json\/wp\/v2\/pages\/45116\/revisions"}],"predecessor-version":[{"id":53277,"href":"https:\/\/glowmedya.com\/tr\/wp-json\/wp\/v2\/pages\/45116\/revisions\/53277"}],"wp:attachment":[{"href":"https:\/\/glowmedya.com\/tr\/wp-json\/wp\/v2\/media?parent=45116"}],"curies":[{"name":"wp","href":"https:\/\/api.w.org\/{rel}","templated":true}]}}