{"id":30283,"date":"2014-07-17T13:08:52","date_gmt":"2014-07-17T13:08:52","guid":{"rendered":"http:\/\/the7.io\/main\/?page_id=19037"},"modified":"2014-07-17T13:08:52","modified_gmt":"2014-07-17T13:08:52","slug":"portfolio-projects","status":"publish","type":"page","link":"https:\/\/glowmedya.com\/tr\/shortcodes\/4-shortcodes\/portfolio-projects\/","title":{"rendered":"Portfolio"},"content":{"rendered":"<p>[vc_row type=&#8221;vc_default&#8221; margin_top=&#8221;-5&#8243; margin_bottom=&#8221;10&#8243;][vc_column][vc_column_text css=&#8221;.vc_custom_1482761838214{padding-bottom: 35px !important;}&#8221;]<\/p>\n<h3>Grid. Categorization &amp; pagination enabled<\/h3>\n<p>[\/vc_column_text]<div class=\"dt-shortcode with-isotope\"><div class=\"wf-container dt-portfolio-shortcode resize-by-browser-width loading-effect-none iso-grid bg-under-post description-under-image content-align-centre\" data-padding=\"5px\" data-cur-page=\"1\" data-posts-per-page=\"6\" data-desktop-columns-num=\"3\" data-v-tablet-columns-num=\"2\" data-h-tablet-columns-num=\"3\" data-phone-columns-num=\"1\" data-width=\"370px\" data-columns=\"2\">\n<div class=\"wf-cell category-259\" data-post-id=\"53362\" data-date=\"2022-01-06T12:17:21+03:00\" data-name=\"\u015eUBAT AYI ETK\u0130NL\u0130KLER\u0130M\u0130Z\">\n<article class=\"post post-53362 dt_portfolio type-dt_portfolio status-publish has-post-thumbnail hentry dt_portfolio_category-gelecek-etkinlikler dt_portfolio_category-259 bg-on fullwidth-img text-centered\">\n\n\t<div class=\"project-list-media\">\n\t<figure class=\"buttons-on-img \">\n\t\t<a href=\"https:\/\/glowmedya.com\/tr\/project\/subat-ayi-etkinliklerimiz\/\" class=\"alignnone rollover layzr-bg\" title=\"etek\" ><img class=\"iso-lazy-load preload-me\" src=\"data:image\/svg+xml,%3Csvg%20xmlns%3D&#39;http%3A%2F%2Fwww.w3.org%2F2000%2Fsvg&#39;%20viewBox%3D&#39;0%200%20502%20334&#39;%2F%3E\" data-src=\"https:\/\/glowmedya.com\/tr\/wp-content\/uploads\/2021\/05\/etek-502x334.jpg\" data-srcset=\"https:\/\/glowmedya.com\/tr\/wp-content\/uploads\/2021\/05\/etek-502x334.jpg 502w\" alt=\"\" width=\"502\" height=\"334\"  \/><\/a>\t\t\t\t<figcaption class=\"rollover-content\">\n\t\t\t<div class=\"links-container\"><a href=\"https:\/\/glowmedya.com\/tr\/wp-content\/uploads\/2021\/05\/etek.jpg\" class=\"project-zoom dt-pswp-item dt-single-pswp-popup\" title=\"etek\" data-dt-img-description=\"\" data-large_image_width=\"502\" data-large_image_height=\"714\">Zoom<\/a><a href=\"https:\/\/glowmedya.com\/tr\/project\/subat-ayi-etkinliklerimiz\/\" class=\"project-details\">Details<\/a><\/div>\t\t<\/figcaption>\n\t\t\t<\/figure>\n<\/div>\n<div class=\"project-list-content\">\n\t<h3 class=\"entry-title\"><a href=\"https:\/\/glowmedya.com\/tr\/project\/subat-ayi-etkinliklerimiz\/\" title=\"\u015eUBAT AYI ETK\u0130NL\u0130KLER\u0130M\u0130Z\" rel=\"bookmark\">\u015eUBAT AYI ETK\u0130NL\u0130KLER\u0130M\u0130Z<\/a><\/h3><div class=\"entry-meta portfolio-categories\"><span class=\"category-link\"><a href=\"https:\/\/glowmedya.com\/tr\/project-category\/gelecek-etkinlikler\/\" >Gelecek Etkinlikler<\/a><\/span><\/div><\/div>\n<\/article>\n\n<\/div>\n<div class=\"wf-cell category-259\" data-post-id=\"53315\" data-date=\"2021-05-08T15:27:32+03:00\" data-name=\"OCAK AYI ETK\u0130NL\u0130KLER\u0130M\u0130Z....\">\n<article class=\"post post-53315 dt_portfolio type-dt_portfolio status-publish has-post-thumbnail hentry dt_portfolio_category-gelecek-etkinlikler dt_portfolio_category-259 bg-on fullwidth-img text-centered\">\n\n\t<div class=\"project-list-media\">\n\t<figure class=\"buttons-on-img \">\n\t\t\n<ul class=\"alignnone slider-masonry photoSlider\" style=\"width: 100%\">\n\t<li>\n\t\t<img class=\"preload-me\" src=\"https:\/\/glowmedya.com\/tr\/wp-content\/uploads\/2021\/05\/etek.jpg\" srcset=\"https:\/\/glowmedya.com\/tr\/wp-content\/uploads\/2021\/05\/etek.jpg 502w\" sizes=\"502px\" width=\"502\" height=\"714\"  alt=\"\"  \/>\n\t\t<div class=\"slider-post-caption\">\n\t\t\t<div class=\"slider-post-inner\">\n\t\t\t\t<h4>etek<\/h4>\n\t\t\t<\/div>\n\t\t<\/div><\/li>\n\t<li>\n\t\t<img class=\"preload-me\" src=\"https:\/\/glowmedya.com\/tr\/wp-content\/uploads\/2021\/05\/plastik-asklar.jpg\" srcset=\"https:\/\/glowmedya.com\/tr\/wp-content\/uploads\/2021\/05\/plastik-asklar.jpg 637w\" sizes=\"637px\" width=\"637\" height=\"332\"  alt=\"\"  \/>\n\t\t<div class=\"slider-post-caption\">\n\t\t\t<div class=\"slider-post-inner\">\n\t\t\t\t<h4>plastik a\u015fklar<\/h4>\n\t\t\t<\/div>\n\t\t<\/div><\/li>\n\t<li>\n\t\t<img class=\"preload-me\" src=\"https:\/\/glowmedya.com\/tr\/wp-content\/uploads\/2021\/05\/PINK-FLOYD-.jpg\" srcset=\"https:\/\/glowmedya.com\/tr\/wp-content\/uploads\/2021\/05\/PINK-FLOYD-.jpg 1656w\" sizes=\"1656px\" width=\"1656\" height=\"1098\"  alt=\"\"  \/>\n\t\t<div class=\"slider-post-caption\">\n\t\t\t<div class=\"slider-post-inner\">\n\t\t\t\t<h4>P\u0130NK FLOYD<\/h4>\n\t\t\t<\/div>\n\t\t<\/div><\/li>\n\t<li>\n\t\t<img class=\"preload-me\" src=\"https:\/\/glowmedya.com\/tr\/wp-content\/uploads\/2021\/05\/DUMAN-OPTIMUM-scaled.jpg\" srcset=\"https:\/\/glowmedya.com\/tr\/wp-content\/uploads\/2021\/05\/DUMAN-OPTIMUM-scaled.jpg 2560w\" sizes=\"2560px\" width=\"2560\" height=\"1700\"  alt=\"\"  \/>\n\t\t<div class=\"slider-post-caption\">\n\t\t\t<div class=\"slider-post-inner\">\n\t\t\t\t<h4>DUMAN OPT\u0130MUM<\/h4>\n\t\t\t<\/div>\n\t\t<\/div><\/li>\n\t<li>\n\t\t<img class=\"preload-me\" src=\"https:\/\/glowmedya.com\/tr\/wp-content\/uploads\/2021\/05\/DAVID-GUETTA-scaled.jpg\" srcset=\"https:\/\/glowmedya.com\/tr\/wp-content\/uploads\/2021\/05\/DAVID-GUETTA-scaled.jpg 2560w\" sizes=\"2560px\" width=\"2560\" height=\"1714\"  alt=\"\"  \/>\n\t\t<div class=\"slider-post-caption\">\n\t\t\t<div class=\"slider-post-inner\">\n\t\t\t\t<h4>DAVID GUETTA<\/h4>\n\t\t\t<\/div>\n\t\t<\/div><\/li>\n\t<li>\n\t\t<img class=\"preload-me\" src=\"https:\/\/glowmedya.com\/tr\/wp-content\/uploads\/2021\/05\/AYHAN-SICIMOGLU-scaled.jpg\" srcset=\"https:\/\/glowmedya.com\/tr\/wp-content\/uploads\/2021\/05\/AYHAN-SICIMOGLU-scaled.jpg 2560w\" sizes=\"2560px\" width=\"2560\" height=\"1714\"  alt=\"\"  \/>\n\t\t<div class=\"slider-post-caption\">\n\t\t\t<div class=\"slider-post-inner\">\n\t\t\t\t<h4>AYHAN S\u0130C\u0130MO\u011eLU<\/h4>\n\t\t\t<\/div>\n\t\t<\/div><\/li>\n\t<li>\n\t\t<img class=\"preload-me\" src=\"https:\/\/glowmedya.com\/tr\/wp-content\/uploads\/2017\/10\/bnm.png\" srcset=\"https:\/\/glowmedya.com\/tr\/wp-content\/uploads\/2017\/10\/bnm.png 500w\" sizes=\"500px\" width=\"500\" height=\"615\"  alt=\"\"  \/>\n\t\t<div class=\"slider-post-caption\">\n\t\t\t<div class=\"slider-post-inner\">\n\t\t\t\t<h4>bnm<\/h4>\n\t\t\t<\/div>\n\t\t<\/div><\/li>\n\t<li>\n\t\t<img class=\"preload-me\" src=\"https:\/\/glowmedya.com\/tr\/wp-content\/uploads\/2016\/10\/kngre.png\" srcset=\"https:\/\/glowmedya.com\/tr\/wp-content\/uploads\/2016\/10\/kngre.png 600w\" sizes=\"600px\" width=\"600\" height=\"537\"  alt=\"\"  \/>\n\t\t<div class=\"slider-post-caption\">\n\t\t\t<div class=\"slider-post-inner\">\n\t\t\t\t<h4>kngre<\/h4>\n\t\t\t<\/div>\n\t\t<\/div><\/li>\n\t<li>\n\t\t<img class=\"preload-me\" src=\"https:\/\/glowmedya.com\/tr\/wp-content\/uploads\/2016\/10\/tiyato.png\" srcset=\"https:\/\/glowmedya.com\/tr\/wp-content\/uploads\/2016\/10\/tiyato.png 600w\" sizes=\"600px\" width=\"600\" height=\"506\"  alt=\"\"  \/>\n\t\t<div class=\"slider-post-caption\">\n\t\t\t<div class=\"slider-post-inner\">\n\t\t\t\t<h4>tiyatro<\/h4>\n\t\t\t<\/div>\n\t\t<\/div><\/li><\/ul>\t\t\t<\/figure>\n<\/div>\n<div class=\"project-list-content\">\n\t<h3 class=\"entry-title\"><a href=\"https:\/\/glowmedya.com\/tr\/project\/gelecek-etkinlik\/\" title=\"OCAK AYI ETK\u0130NL\u0130KLER\u0130M\u0130Z&#8230;.\" rel=\"bookmark\">OCAK AYI ETK\u0130NL\u0130KLER\u0130M\u0130Z&#8230;.<\/a><\/h3><div class=\"entry-meta portfolio-categories\"><span class=\"category-link\"><a href=\"https:\/\/glowmedya.com\/tr\/project-category\/gelecek-etkinlikler\/\" >Gelecek Etkinlikler<\/a><\/span><\/div><\/div>\n<\/article>\n\n<\/div><\/div><\/div>[vc_empty_space height=&#8221;80px&#8221;][vc_column_text css=&#8221;.vc_custom_1482761768204{padding-bottom: 30px !important;}&#8221;]<\/p>\n<h3>Masonry. Text on images<\/h3>\n<p>[\/vc_column_text]<div class=\"dt-shortcode with-isotope\"><div class=\"wf-container dt-portfolio-shortcode loading-effect-scale-up iso-container description-on-hover hover-style-two hover-fade content-align-centre\" data-padding=\"2px\" data-cur-page=\"1\" data-posts-per-page=\"-1\" data-width=\"200px\" data-columns=\"3\">\n<div class=\"wf-cell iso-item\" data-post-id=\"53362\" data-date=\"2022-01-06T12:17:21+03:00\" data-name=\"\u015eUBAT AYI ETK\u0130NL\u0130KLER\u0130M\u0130Z\">\n<article class=\"post post-53362 dt_portfolio type-dt_portfolio status-publish has-post-thumbnail hentry dt_portfolio_category-gelecek-etkinlikler dt_portfolio_category-259 text-centered\">\n\n\t<figure class=\"rollover-project \">\n\t<a href=\"https:\/\/glowmedya.com\/tr\/project\/subat-ayi-etkinliklerimiz\/\" class=\"layzr-bg\" title=\"etek\" ><img class=\"iso-lazy-load preload-me\" src=\"data:image\/svg+xml,%3Csvg%20xmlns%3D&#39;http%3A%2F%2Fwww.w3.org%2F2000%2Fsvg&#39;%20viewBox%3D&#39;0%200%20300%20427&#39;%2F%3E\" data-src=\"https:\/\/glowmedya.com\/tr\/wp-content\/uploads\/2021\/05\/etek-300x427.jpg\" data-srcset=\"https:\/\/glowmedya.com\/tr\/wp-content\/uploads\/2021\/05\/etek-300x427.jpg 300w, https:\/\/glowmedya.com\/tr\/wp-content\/uploads\/2021\/05\/etek.jpg 501w\" alt=\"\" width=\"300\" height=\"427\"  \/><\/a>\t\t<figcaption class=\"rollover-content\">\n\t\t<div class=\"links-container\"><a href=\"https:\/\/glowmedya.com\/tr\/wp-content\/uploads\/2021\/05\/etek.jpg\" class=\"project-zoom dt-pswp-item dt-single-pswp-popup\" title=\"etek\" data-dt-img-description=\"\" data-large_image_width=\"502\" data-large_image_height=\"714\">Zoom<\/a><a href=\"https:\/\/glowmedya.com\/tr\/project\/subat-ayi-etkinliklerimiz\/\" class=\"project-details\">Details<\/a><\/div>\t\t\t\t<div class=\"rollover-content-container\">\n\t\t\t<h3 class=\"entry-title\"><a href=\"https:\/\/glowmedya.com\/tr\/project\/subat-ayi-etkinliklerimiz\/\" title=\"\u015eUBAT AYI ETK\u0130NL\u0130KLER\u0130M\u0130Z\" rel=\"bookmark\">\u015eUBAT AYI ETK\u0130NL\u0130KLER\u0130M\u0130Z<\/a><\/h3><div class=\"entry-meta portfolio-categories\"><span class=\"category-link\"><a href=\"https:\/\/glowmedya.com\/tr\/project-category\/gelecek-etkinlikler\/\" >Gelecek Etkinlikler<\/a><\/span><\/div>\t\t<\/div>\n\t\t\t\t\t<\/figcaption>\n\t<\/figure>\n<\/article>\n\n<\/div>\n<div class=\"wf-cell iso-item\" data-post-id=\"53315\" data-date=\"2021-05-08T15:27:32+03:00\" data-name=\"OCAK AYI ETK\u0130NL\u0130KLER\u0130M\u0130Z....\">\n<article class=\"post post-53315 dt_portfolio type-dt_portfolio status-publish has-post-thumbnail hentry dt_portfolio_category-gelecek-etkinlikler dt_portfolio_category-259 text-centered\">\n\n\t<figure class=\"rollover-project \">\n\t<a href=\"https:\/\/glowmedya.com\/tr\/project\/gelecek-etkinlik\/\" class=\"layzr-bg\" title=\"etek\" ><img class=\"iso-lazy-load preload-me\" src=\"data:image\/svg+xml,%3Csvg%20xmlns%3D&#39;http%3A%2F%2Fwww.w3.org%2F2000%2Fsvg&#39;%20viewBox%3D&#39;0%200%20300%20427&#39;%2F%3E\" data-src=\"https:\/\/glowmedya.com\/tr\/wp-content\/uploads\/2021\/05\/etek-300x427.jpg\" data-srcset=\"https:\/\/glowmedya.com\/tr\/wp-content\/uploads\/2021\/05\/etek-300x427.jpg 300w, https:\/\/glowmedya.com\/tr\/wp-content\/uploads\/2021\/05\/etek.jpg 501w\" alt=\"\" width=\"300\" height=\"427\"  \/><\/a>\t\t<figcaption class=\"rollover-content\">\n\t\t<div class=\"links-container\"><a href=\"https:\/\/glowmedya.com\/tr\/wp-content\/uploads\/2021\/05\/etek.jpg\" class=\"project-zoom dt-pswp-item dt-single-pswp-popup\" title=\"etek\" data-dt-img-description=\"\" data-large_image_width=\"502\" data-large_image_height=\"714\">Zoom<\/a><a href=\"https:\/\/glowmedya.com\/tr\/project\/gelecek-etkinlik\/\" class=\"project-details\">Details<\/a><\/div>\t\t\t\t<div class=\"rollover-content-container\">\n\t\t\t<h3 class=\"entry-title\"><a href=\"https:\/\/glowmedya.com\/tr\/project\/gelecek-etkinlik\/\" title=\"OCAK AYI ETK\u0130NL\u0130KLER\u0130M\u0130Z&#8230;.\" rel=\"bookmark\">OCAK AYI ETK\u0130NL\u0130KLER\u0130M\u0130Z&#8230;.<\/a><\/h3><div class=\"entry-meta portfolio-categories\"><span class=\"category-link\"><a href=\"https:\/\/glowmedya.com\/tr\/project-category\/gelecek-etkinlikler\/\" >Gelecek Etkinlikler<\/a><\/span><\/div>\t\t<\/div>\n\t\t\t\t\t<\/figcaption>\n\t<\/figure>\n<\/article>\n\n<\/div><\/div><\/div>[vc_empty_space height=&#8221;80px&#8221;][vc_column_text css=&#8221;.vc_custom_1482761774194{padding-bottom: 30px !important;}&#8221;]<\/p>\n<h3>Justified grid<\/h3>\n<p>[\/vc_column_text]<div class=\"dt-shortcode with-isotope\"><div class=\"wf-container dt-portfolio-shortcode jgrid-shortcode loading-effect-fade-in iso-grid jg-container description-on-hover hover-style-two hover-grid-reverse content-align-left-top hover-color-static\" data-padding=\"2px\" data-cur-page=\"1\" data-posts-per-page=\"-1\" data-target-height=\"340px\">\n<div class=\"wf-cell\" data-post-id=\"53362\" data-date=\"2022-01-06T12:17:21+03:00\" data-name=\"\u015eUBAT AYI ETK\u0130NL\u0130KLER\u0130M\u0130Z\">\n<article class=\"post post-53362 dt_portfolio type-dt_portfolio status-publish has-post-thumbnail hentry dt_portfolio_category-gelecek-etkinlikler dt_portfolio_category-259\">\n\n\t<figure class=\"rollover-project \">\n\t<a href=\"https:\/\/glowmedya.com\/tr\/project\/subat-ayi-etkinliklerimiz\/\" class=\"layzr-bg\" title=\"etek\" ><img class=\"jgrid-lazy-load preload-me\" src=\"data:image\/svg+xml,%3Csvg%20xmlns%3D&#39;http%3A%2F%2Fwww.w3.org%2F2000%2Fsvg&#39;%20viewBox%3D&#39;0%200%20311%20442&#39;%2F%3E\" data-src=\"https:\/\/glowmedya.com\/tr\/wp-content\/uploads\/2021\/05\/etek-311x442.jpg\" data-srcset=\"https:\/\/glowmedya.com\/tr\/wp-content\/uploads\/2021\/05\/etek-311x442.jpg 311w, https:\/\/glowmedya.com\/tr\/wp-content\/uploads\/2021\/05\/etek.jpg 502w\" alt=\"\" width=\"311\" height=\"442\"  \/><\/a>\t\t<figcaption class=\"rollover-content\">\n\t\t<div class=\"links-container\"><a href=\"https:\/\/glowmedya.com\/tr\/wp-content\/uploads\/2021\/05\/etek.jpg\" class=\"project-zoom dt-pswp-item dt-single-pswp-popup\" title=\"etek\" data-dt-img-description=\"\" data-large_image_width=\"502\" data-large_image_height=\"714\">Zoom<\/a><a href=\"https:\/\/glowmedya.com\/tr\/project\/subat-ayi-etkinliklerimiz\/\" class=\"project-details\">Details<\/a><\/div>\t\t\t\t<div class=\"rollover-content-container\">\n\t\t\t<h3 class=\"entry-title\"><a href=\"https:\/\/glowmedya.com\/tr\/project\/subat-ayi-etkinliklerimiz\/\" title=\"\u015eUBAT AYI ETK\u0130NL\u0130KLER\u0130M\u0130Z\" rel=\"bookmark\">\u015eUBAT AYI ETK\u0130NL\u0130KLER\u0130M\u0130Z<\/a><\/h3><p>2 \u015eUBAT\u00a0 \u00a0\/ ETEKLER VE PANTOLONLAR \/ ESK\u0130\u015eEH\u0130R 3 \u015eUBAT\u00a0 \u00a0\/ ETEKLER VE PANTOLONLAR \/ ANKARA 4 \u015eUBAT\u00a0 \u00a0\/ ETEKLER VE PANTOLONLAR \/ B\u0130LEC\u0130K 7 \u015eUBAT\u00a0 \u00a0\/ ETEKLER VE PANTOLONLAR \/ CKM 16 \u015eUBAT \/ ETEKLER VE PANTOLONLAR \/ SAMSUN 24 \u015eUBAT \/ ETEKLER VE PANTOLONLAR \/ KAYSER\u0130 25 \u015eUBAT \/ ETEKLER VE PANTOLONLAR \/&hellip;<\/p>\n<div class=\"entry-meta portfolio-categories\"><span class=\"category-link\"><a href=\"https:\/\/glowmedya.com\/tr\/project-category\/gelecek-etkinlikler\/\" >Gelecek Etkinlikler<\/a><\/span><a href=\"javascript:void(0);\" title=\"12:17\" class=\"data-link\" rel=\"bookmark\"><time class=\"entry-date updated\" datetime=\"2022-01-06T12:17:21+03:00\">6 Ocak 2022<\/time><\/a><\/div>\t\t<\/div>\n\t\t\t\t\t<\/figcaption>\n\t<\/figure>\n<\/article>\n\n<\/div>\n<div class=\"wf-cell\" data-post-id=\"53315\" data-date=\"2021-05-08T15:27:32+03:00\" data-name=\"OCAK AYI ETK\u0130NL\u0130KLER\u0130M\u0130Z....\">\n<article class=\"post post-53315 dt_portfolio type-dt_portfolio status-publish has-post-thumbnail hentry dt_portfolio_category-gelecek-etkinlikler dt_portfolio_category-259\">\n\n\t<figure class=\"rollover-project \">\n\t<a href=\"https:\/\/glowmedya.com\/tr\/project\/gelecek-etkinlik\/\" class=\"layzr-bg\" title=\"etek\" ><img class=\"jgrid-lazy-load preload-me\" src=\"data:image\/svg+xml,%3Csvg%20xmlns%3D&#39;http%3A%2F%2Fwww.w3.org%2F2000%2Fsvg&#39;%20viewBox%3D&#39;0%200%20311%20442&#39;%2F%3E\" data-src=\"https:\/\/glowmedya.com\/tr\/wp-content\/uploads\/2021\/05\/etek-311x442.jpg\" data-srcset=\"https:\/\/glowmedya.com\/tr\/wp-content\/uploads\/2021\/05\/etek-311x442.jpg 311w, https:\/\/glowmedya.com\/tr\/wp-content\/uploads\/2021\/05\/etek.jpg 502w\" alt=\"\" width=\"311\" height=\"442\"  \/><\/a>\t\t<figcaption class=\"rollover-content\">\n\t\t<div class=\"links-container\"><a href=\"https:\/\/glowmedya.com\/tr\/wp-content\/uploads\/2021\/05\/etek.jpg\" class=\"project-zoom dt-pswp-item dt-single-pswp-popup\" title=\"etek\" data-dt-img-description=\"\" data-large_image_width=\"502\" data-large_image_height=\"714\">Zoom<\/a><a href=\"https:\/\/glowmedya.com\/tr\/project\/gelecek-etkinlik\/\" class=\"project-details\">Details<\/a><\/div>\t\t\t\t<div class=\"rollover-content-container\">\n\t\t\t<h3 class=\"entry-title\"><a href=\"https:\/\/glowmedya.com\/tr\/project\/gelecek-etkinlik\/\" title=\"OCAK AYI ETK\u0130NL\u0130KLER\u0130M\u0130Z&#8230;.\" rel=\"bookmark\">OCAK AYI ETK\u0130NL\u0130KLER\u0130M\u0130Z&#8230;.<\/a><\/h3><p>5 OCAK 2022\u00a0 \u00a0\/ B\u0130R DEL\u0130N\u0130N HATIRA DEFTER\u0130 \/ BURSA U\u011eUR MUMCU K.M. 10 OCAK 2022 \/ ETEKLER VE PANTOLONLAR \/ AKATLAR \u2013 \u00d6ZEL G\u00d6STER\u0130M 12 OCAK 2022 \/ CEL\u0130LE \/ BURSA U\u011eUR MUMCU K.M. 13 OCAK 2022 \/ UYANDI\u011eIMDA SES\u0130M YOKTU \/ \u0130STANBUL CKM 14 OCAK 2022 \/ B\u0130R DEL\u0130N\u0130N HATIRA DEFTER\u0130 \/ BAH\u00c7EL\u0130EVLER&hellip;<\/p>\n<div class=\"entry-meta portfolio-categories\"><span class=\"category-link\"><a href=\"https:\/\/glowmedya.com\/tr\/project-category\/gelecek-etkinlikler\/\" >Gelecek Etkinlikler<\/a><\/span><a href=\"javascript:void(0);\" title=\"15:27\" class=\"data-link\" rel=\"bookmark\"><time class=\"entry-date updated\" datetime=\"2021-05-08T15:27:32+03:00\">8 May\u0131s 2021<\/time><\/a><\/div>\t\t<\/div>\n\t\t\t\t\t<\/figcaption>\n\t<\/figure>\n<\/article>\n\n<\/div><\/div><\/div>[\/vc_column][\/vc_row]<\/p>\n","protected":false},"excerpt":{"rendered":"<p>[vc_row type=&#8221;vc_default&#8221; margin_top=&#8221;-5&#8243; margin_bottom=&#8221;10&#8243;][vc_column][vc_column_text css=&#8221;.vc_custom_1482761838214{padding-bottom: 35px !important;}&#8221;] Grid. Categorization &amp; pagination enabled [\/vc_column_text][vc_empty_space height=&#8221;80px&#8221;][vc_column_text css=&#8221;.vc_custom_1482761768204{padding-bottom: 30px !important;}&#8221;] Masonry. Text on images [\/vc_column_text][vc_empty_space height=&#8221;80px&#8221;][vc_column_text css=&#8221;.vc_custom_1482761774194{padding-bottom: 30px !important;}&#8221;] Justified grid [\/vc_column_text][\/vc_column][\/vc_row]<\/p>\n","protected":false},"author":1,"featured_media":0,"parent":19848,"menu_order":410,"comment_status":"closed","ping_status":"closed","template":"","meta":{"_mi_skip_tracking":false},"_links":{"self":[{"href":"https:\/\/glowmedya.com\/tr\/wp-json\/wp\/v2\/pages\/30283"}],"collection":[{"href":"https:\/\/glowmedya.com\/tr\/wp-json\/wp\/v2\/pages"}],"about":[{"href":"https:\/\/glowmedya.com\/tr\/wp-json\/wp\/v2\/types\/page"}],"author":[{"embeddable":true,"href":"https:\/\/glowmedya.com\/tr\/wp-json\/wp\/v2\/users\/1"}],"replies":[{"embeddable":true,"href":"https:\/\/glowmedya.com\/tr\/wp-json\/wp\/v2\/comments?post=30283"}],"version-history":[{"count":0,"href":"https:\/\/glowmedya.com\/tr\/wp-json\/wp\/v2\/pages\/30283\/revisions"}],"up":[{"embeddable":true,"href":"https:\/\/glowmedya.com\/tr\/wp-json\/wp\/v2\/pages\/19848"}],"wp:attachment":[{"href":"https:\/\/glowmedya.com\/tr\/wp-json\/wp\/v2\/media?parent=30283"}],"curies":[{"name":"wp","href":"https:\/\/api.w.org\/{rel}","templated":true}]}}